{"id":23042,"date":"2025-01-16T10:48:22","date_gmt":"2025-01-16T15:48:22","guid":{"rendered":"https:\/\/iteraprocess.com\/itera-listening-mailbox\/"},"modified":"2025-02-07T17:06:56","modified_gmt":"2025-02-07T22:06:56","slug":"itera-listening-mailbox","status":"publish","type":"page","link":"https:\/\/iteraprocess.com\/en\/itera-listening-mailbox\/","title":{"rendered":"Itera Listening Mailbox"},"content":{"rendered":"\t\t<div data-elementor-type=\"wp-page\" data-elementor-id=\"23042\" class=\"elementor elementor-23042 elementor-17016\" data-elementor-post-type=\"page\">\n\t\t\t\t<div class=\"elementor-element elementor-element-183a20c e-con-full e-flex e-con e-parent\" data-id=\"183a20c\" data-element_type=\"container\">\n\t\t<div class=\"elementor-element elementor-element-d114636 e-con-full e-flex e-con e-child\" data-id=\"d114636\" data-element_type=\"container\" data-settings=\"{&quot;background_background&quot;:&quot;classic&quot;}\">\n\t\t\t\t<div class=\"elementor-element elementor-element-3b0d8b2 elementor-widget elementor-widget-text-editor\" data-id=\"3b0d8b2\" data-element_type=\"widget\" data-widget_type=\"text-editor.default\">\n\t\t\t\t<div class=\"elementor-widget-container\">\n\t\t\t\t\t\t\t\t\t<h1 class=\"header_title\"><span class=\"title_b\">Itera<\/span> <span class=\"title_a\">Listening Mailbox <\/span><\/h1>\n\t\t\t\t\t\t\t\t<\/div>\n\t\t\t\t<\/div>\n\t\t<div class=\"elementor-element elementor-element-df34326 e-con-full custom-breadcrumbs-content e-flex e-con e-child\" data-id=\"df34326\" data-element_type=\"container\" data-settings=\"{&quot;background_background&quot;:&quot;classic&quot;,&quot;position&quot;:&quot;absolute&quot;}\">\n\t\t\t\t<div class=\"elementor-element elementor-element-7eb3e13 elementor-widget__width-auto custom-breadcrumbs elementor-widget elementor-widget-text-editor\" data-id=\"7eb3e13\" data-element_type=\"widget\" data-widget_type=\"text-editor.default\">\n\t\t\t\t<div class=\"elementor-widget-container\">\n\t\t\t\t\t\t\t\t\t<ul>\n<li><a href=\"\/\">Home<\/a><\/li>\n<li>Itera Listening Mailbox<\/li>\n<\/ul>\n\t\t\t\t\t\t\t\t<\/div>\n\t\t\t\t<\/div>\n\t\t\t\t<\/div>\n\t\t\t\t<\/div>\n\t\t\t\t<\/div>\n\t\t<div class=\"elementor-element elementor-element-87e0332 e-flex e-con-boxed e-con e-parent\" data-id=\"87e0332\" data-element_type=\"container\">\n\t\t\t\t\t<div class=\"e-con-inner\">\n\t\t\t\t<div class=\"elementor-element elementor-element-9211e8b elementor-widget elementor-widget-html\" data-id=\"9211e8b\" data-element_type=\"widget\" data-widget_type=\"html.default\">\n\t\t\t\t<div class=\"elementor-widget-container\">\n\t\t\t\t\t<style>.page-title-container .page-title{\n    display: block;\n        text-align: center;\n}\n<\/style>\t\t\t\t<\/div>\n\t\t\t\t<\/div>\n\t\t\t\t\t<\/div>\n\t\t\t\t<\/div>\n\t\t<div class=\"elementor-element elementor-element-35c4b27 e-flex e-con-boxed e-con e-parent\" data-id=\"35c4b27\" data-element_type=\"container\">\n\t\t\t\t\t<div class=\"e-con-inner\">\n\t\t\t\t<div class=\"elementor-element elementor-element-f395389 elementor-widget__width-initial elementor-widget elementor-widget-text-editor\" data-id=\"f395389\" data-element_type=\"widget\" data-widget_type=\"text-editor.default\">\n\t\t\t\t<div class=\"elementor-widget-container\">\n\t\t\t\t\t\t\t\t\t<div style=\"font-family: poppins;\">\n<p style=\"font-size: 30px; color: #00607b; font-weight: bold; margin-bottom: 15px;\">We appreciate the time it takes, your opinion is of great importance to improve your experience in our service.<\/p>\n<p>If urgent, please contact our service desk team:<\/p>\n<ul class=\"list_default\" style=\"padding-left: 50px !important; list-style: disc;\">\n<li>Mexico +52 5533000686<\/li>\n<li>Spain +34 911982838<\/li>\n<li>Colombia +57 13810619<\/li>\n<li>Peru +51 16419106<\/li>\n<\/ul>\n<p>To finish, click the submit button.<\/p>\n<\/div>\n\t\t\t\t\t\t\t\t<\/div>\n\t\t\t\t<\/div>\n\t\t\t\t<div class=\"elementor-element elementor-element-d608fb2 elementor-widget__width-initial elementor-widget elementor-widget-shortcode\" data-id=\"d608fb2\" data-element_type=\"widget\" data-widget_type=\"shortcode.default\">\n\t\t\t\t<div class=\"elementor-widget-container\">\n\t\t\t\t\t\t\t<div class=\"elementor-shortcode\"><style id=\"wpforms-css-vars-17026\">\n\t\t\t\t#wpforms-17026 {\n\t\t\t\t\n\t\t\t}\n\t\t\t<\/style><div class=\"wpforms-container wpforms-container-full wpforms-render-modern\" id=\"wpforms-17026\"><form id=\"wpforms-form-17026\" class=\"wpforms-validate wpforms-form wpforms-ajax-form\" data-formid=\"17026\" method=\"post\" enctype=\"multipart\/form-data\" action=\"\/en\/wp-json\/wp\/v2\/pages\/23042\" data-token=\"f3287fece8b0aecd33b07d74bd843caf\" data-token-time=\"1777152403\"><noscript class=\"wpforms-error-noscript\">Please enable JavaScript in your browser to complete this form.<\/noscript><div id=\"wpforms-error-noscript\" style=\"display: none;\">Please enable JavaScript in your browser to complete this form.<\/div><div class=\"wpforms-field-container\"><div id=\"wpforms-17026-field_1-container\" class=\"wpforms-field wpforms-field-select wpforms-field-select-style-classic\" data-field-id=\"1\"><label class=\"wpforms-field-label\" for=\"wpforms-17026-field_1\">\u00bfQu\u00e9 le gustar\u00eda comunicar? <span class=\"wpforms-required-label\" aria-hidden=\"true\">*<\/span><\/label><div class=\"select-wrap wpforms-field-large\"><select id=\"wpforms-17026-field_1\" class=\"wpforms-field-large wpforms-field-required\" name=\"wpforms[fields][1]\" required=\"required\"><option value=\"\" class=\"placeholder\" disabled  selected='selected'>-- Elije una --<\/option><option value=\"Sugerencia\"  class=\"choice-1 depth-1\"  >Sugerencia<\/option><option value=\"Felicitaci\u00f3n\"  class=\"choice-2 depth-1\"  >Felicitaci\u00f3n<\/option><option value=\"Consulta\"  class=\"choice-3 depth-1\"  >Consulta<\/option><option value=\"Queja y\/o reclamaci\u00f3n\"  class=\"choice-4 depth-1\"  >Queja y\/o reclamaci\u00f3n<\/option><\/select><\/div><\/div><div id=\"wpforms-17026-field_2-container\" class=\"wpforms-field wpforms-field-text\" data-field-id=\"2\"><label class=\"wpforms-field-label\" for=\"wpforms-17026-field_2\">Tu nombre y apellido <span class=\"wpforms-required-label\" aria-hidden=\"true\">*<\/span><\/label><input type=\"text\" id=\"wpforms-17026-field_2\" class=\"wpforms-field-large wpforms-field-required\" name=\"wpforms[fields][2]\" aria-errormessage=\"wpforms-17026-field_2-error\" required><\/div><div id=\"wpforms-17026-field_3-container\" class=\"wpforms-field wpforms-field-email\" data-field-id=\"3\"><label class=\"wpforms-field-label\" for=\"wpforms-17026-field_3\">Tu correo electr\u00f3nico registrado <span class=\"wpforms-required-label\" aria-hidden=\"true\">*<\/span><\/label><input type=\"email\" id=\"wpforms-17026-field_3\" class=\"wpforms-field-large wpforms-field-required\" name=\"wpforms[fields][3]\" spellcheck=\"false\" aria-errormessage=\"wpforms-17026-field_3-error\" required><\/div><div id=\"wpforms-17026-field_4-container\" class=\"wpforms-field wpforms-field-text\" data-field-id=\"4\"><label class=\"wpforms-field-label\" for=\"wpforms-17026-field_4\">Indique el ticket registrado<\/label><input type=\"text\" id=\"wpforms-17026-field_4\" class=\"wpforms-field-large\" name=\"wpforms[fields][4]\" aria-errormessage=\"wpforms-17026-field_4-error\" ><\/div>\t\t<div id=\"wpforms-17026-field_8-container\"\n\t\t\tclass=\"wpforms-field wpforms-field-text\"\n\t\t\tdata-field-type=\"text\"\n\t\t\tdata-field-id=\"8\"\n\t\t\t>\n\t\t\t<label class=\"wpforms-field-label\" for=\"wpforms-17026-field_8\" >Indique el el<\/label>\n\t\t\t<input type=\"text\" id=\"wpforms-17026-field_8\" class=\"wpforms-field-medium\" name=\"wpforms[fields][8]\" >\n\t\t<\/div>\n\t\t<div id=\"wpforms-17026-field_5-container\" class=\"wpforms-field wpforms-field-select wpforms-field-select-style-classic\" data-field-id=\"5\"><label class=\"wpforms-field-label\" for=\"wpforms-17026-field_5\">Elija el tema: <span class=\"wpforms-required-label\" aria-hidden=\"true\">*<\/span><\/label><div class=\"select-wrap wpforms-field-large\"><select id=\"wpforms-17026-field_5\" class=\"wpforms-field-large wpforms-field-required\" name=\"wpforms[fields][5]\" required=\"required\"><option value=\"\" class=\"placeholder\" disabled  selected='selected'>-- Elije una -- <\/option><option value=\"\u00bfCu\u00e1l es el estado de mi solicitud?\"  class=\"choice-1 depth-1\"  >\u00bfCu\u00e1l es el estado de mi solicitud?<\/option><option value=\"\u00bfTicket cerrado sin soluci\u00f3n?\"  class=\"choice-2 depth-1\"  >\u00bfTicket cerrado sin soluci\u00f3n?<\/option><option value=\"Ventas\"  class=\"choice-3 depth-1\"  >Ventas<\/option><option value=\"Facturaci\u00f3n\"  class=\"choice-4 depth-1\"  >Facturaci\u00f3n<\/option><option value=\"CLOC\"  class=\"choice-5 depth-1\"  >CLOC<\/option><option value=\"Proyecto en implementaci\u00f3n\"  class=\"choice-6 depth-1\"  >Proyecto en implementaci\u00f3n<\/option><option value=\"Otro\"  class=\"choice-7 depth-1\"  >Otro<\/option><\/select><\/div><\/div><div id=\"wpforms-17026-field_6-container\" class=\"wpforms-field wpforms-field-textarea\" data-field-id=\"6\"><label class=\"wpforms-field-label\" for=\"wpforms-17026-field_6\">\u00bfC\u00f3mo podemos ayudarle? <span class=\"wpforms-required-label\" aria-hidden=\"true\">*<\/span><\/label><textarea id=\"wpforms-17026-field_6\" class=\"wpforms-field-medium wpforms-field-required\" name=\"wpforms[fields][6]\" aria-errormessage=\"wpforms-17026-field_6-error\" required><\/textarea><\/div><div id=\"wpforms-17026-field_7-container\" class=\"wpforms-field wpforms-field-select wpforms-field-select-style-classic\" data-field-id=\"7\"><label class=\"wpforms-field-label\" for=\"wpforms-17026-field_7\">Elija el medio de contacto para el seguimiento: <span class=\"wpforms-required-label\" aria-hidden=\"true\">*<\/span><\/label><div class=\"select-wrap wpforms-field-large\"><select id=\"wpforms-17026-field_7\" class=\"wpforms-field-large wpforms-field-required\" name=\"wpforms[fields][7]\" required=\"required\"><option value=\"E-mail\"  class=\"choice-1 depth-1\"  >E-mail<\/option><option value=\"Tel\u00e9fono oficina\"  class=\"choice-2 depth-1\"  >Tel\u00e9fono oficina<\/option><option value=\"Tel\u00e9fono celular\"  class=\"choice-3 depth-1\"  >Tel\u00e9fono celular<\/option><option value=\"Whatsapp\"  class=\"choice-4 depth-1\"  >Whatsapp<\/option><\/select><\/div><\/div><script>\n\t\t\t\t( function() {\n\t\t\t\t\tconst style = document.createElement( 'style' );\n\t\t\t\t\tstyle.appendChild( document.createTextNode( '#wpforms-17026-field_8-container { position: absolute !important; overflow: hidden !important; display: inline !important; height: 1px !important; width: 1px !important; z-index: -1000 !important; padding: 0 !important; } #wpforms-17026-field_8-container input { visibility: hidden; } #wpforms-conversational-form-page #wpforms-17026-field_8-container label { counter-increment: none; }' ) );\n\t\t\t\t\tdocument.head.appendChild( style );\n\t\t\t\t\tdocument.currentScript?.remove();\n\t\t\t\t} )();\n\t\t\t<\/script><\/div><!-- .wpforms-field-container --><div class=\"wpforms-submit-container\" ><input type=\"hidden\" name=\"wpforms[id]\" value=\"17026\"><input type=\"hidden\" name=\"page_title\" value=\"\"><input type=\"hidden\" name=\"page_url\" value=\"https:\/\/iteraprocess.com\/en\/wp-json\/wp\/v2\/pages\/23042\"><input type=\"hidden\" name=\"url_referer\" value=\"\"><button type=\"submit\" name=\"wpforms[submit]\" id=\"wpforms-submit-17026\" class=\"wpforms-submit\" data-alt-text=\"Enviando...\" data-submit-text=\"Enviar\" aria-live=\"assertive\" value=\"wpforms-submit\">Enviar<\/button><img decoding=\"async\" src=\"https:\/\/iteraprocess.com\/wp-content\/plugins\/wpforms\/assets\/images\/submit-spin.svg\" class=\"wpforms-submit-spinner\" style=\"display: none;\" width=\"26\" height=\"26\" alt=\"Loading\"><\/div><\/form><\/div>  <!-- .wpforms-container --><\/div>\n\t\t\t\t\t\t<\/div>\n\t\t\t\t<\/div>\n\t\t\t\t\t<\/div>\n\t\t\t\t<\/div>\n\t\t\t\t<\/div>\n\t\t","protected":false},"excerpt":{"rendered":"<p>Itera Listening Mailbox Home Itera Listening Mailbox We appreciate the time it takes, your opinion is of great importance to improve your experience in our service. If urgent, please contact our service desk team: Mexico +52 5533000686 Spain +34 911982838 Colombia&#8230;<\/p>\n","protected":false},"author":1,"featured_media":0,"parent":0,"menu_order":0,"comment_status":"closed","ping_status":"closed","template":"elementor_header_footer","meta":{"inline_featured_image":false,"_joinchat":[],"footnotes":""},"categories":[],"tags":[],"class_list":["post-23042","page","type-page","status-publish","hentry"],"yoast_head":"<!-- This site is optimized with the Yoast SEO Premium plugin v27.2 (Yoast SEO v27.2) - https:\/\/yoast.com\/product\/yoast-seo-premium-wordpress\/ -->\n<title>Itera Listening Mailbox - Itera Process<\/title>\n<meta name=\"description\" content=\"Itera Listening Mailbox. We appreciate the time it takes, your opinion is of great importance to improve your experience in our service.\" \/>\n<meta name=\"robots\" content=\"index, follow, max-snippet:-1, max-image-preview:large, max-video-preview:-1\" \/>\n<link rel=\"canonical\" href=\"https:\/\/iteraprocess.com\/en\/itera-listening-mailbox\/\" \/>\n<meta property=\"og:locale\" content=\"en_US\" \/>\n<meta property=\"og:type\" content=\"article\" \/>\n<meta property=\"og:title\" content=\"Itera Listening Mailbox\" \/>\n<meta property=\"og:description\" content=\"Itera Listening Mailbox. We appreciate the time it takes, your opinion is of great importance to improve your experience in our service.\" \/>\n<meta property=\"og:url\" content=\"https:\/\/iteraprocess.com\/en\/itera-listening-mailbox\/\" \/>\n<meta property=\"og:site_name\" content=\"Itera Process\" \/>\n<meta property=\"article:publisher\" content=\"https:\/\/www.facebook.com\/IteraBusinessProcess\" \/>\n<meta property=\"article:modified_time\" content=\"2025-02-07T22:06:56+00:00\" \/>\n<meta name=\"twitter:card\" content=\"summary_large_image\" \/>\n<script type=\"application\/ld+json\" class=\"yoast-schema-graph\">{\"@context\":\"https:\/\/schema.org\",\"@graph\":[{\"@type\":\"WebPage\",\"@id\":\"https:\/\/iteraprocess.com\/en\/itera-listening-mailbox\/\",\"url\":\"https:\/\/iteraprocess.com\/en\/itera-listening-mailbox\/\",\"name\":\"Itera Listening Mailbox - Itera Process\",\"isPartOf\":{\"@id\":\"https:\/\/iteraprocess.com\/#website\"},\"datePublished\":\"2025-01-16T15:48:22+00:00\",\"dateModified\":\"2025-02-07T22:06:56+00:00\",\"description\":\"Itera Listening Mailbox. We appreciate the time it takes, your opinion is of great importance to improve your experience in our service.\",\"breadcrumb\":{\"@id\":\"https:\/\/iteraprocess.com\/en\/itera-listening-mailbox\/#breadcrumb\"},\"inLanguage\":\"en-US\",\"potentialAction\":[{\"@type\":\"ReadAction\",\"target\":[\"https:\/\/iteraprocess.com\/en\/itera-listening-mailbox\/\"]}]},{\"@type\":\"BreadcrumbList\",\"@id\":\"https:\/\/iteraprocess.com\/en\/itera-listening-mailbox\/#breadcrumb\",\"itemListElement\":[{\"@type\":\"ListItem\",\"position\":1,\"name\":\"Portada\",\"item\":\"https:\/\/iteraprocess.com\/en\/home\/\"},{\"@type\":\"ListItem\",\"position\":2,\"name\":\"Itera Listening Mailbox\"}]},{\"@type\":\"WebSite\",\"@id\":\"https:\/\/iteraprocess.com\/#website\",\"url\":\"https:\/\/iteraprocess.com\/\",\"name\":\"Itera Process\",\"description\":\"\",\"publisher\":{\"@id\":\"https:\/\/iteraprocess.com\/#organization\"},\"potentialAction\":[{\"@type\":\"SearchAction\",\"target\":{\"@type\":\"EntryPoint\",\"urlTemplate\":\"https:\/\/iteraprocess.com\/?s={search_term_string}\"},\"query-input\":{\"@type\":\"PropertyValueSpecification\",\"valueRequired\":true,\"valueName\":\"search_term_string\"}}],\"inLanguage\":\"en-US\"},{\"@type\":\"Organization\",\"@id\":\"https:\/\/iteraprocess.com\/#organization\",\"name\":\"Itera Process\",\"alternateName\":\"IT ERA\",\"url\":\"https:\/\/iteraprocess.com\/\",\"logo\":{\"@type\":\"ImageObject\",\"inLanguage\":\"en-US\",\"@id\":\"https:\/\/iteraprocess.com\/#\/schema\/logo\/image\/\",\"url\":\"https:\/\/iteraprocess.com\/wp-content\/uploads\/2026\/03\/2.png\",\"contentUrl\":\"https:\/\/iteraprocess.com\/wp-content\/uploads\/2026\/03\/2.png\",\"width\":1200,\"height\":1200,\"caption\":\"Itera Process\"},\"image\":{\"@id\":\"https:\/\/iteraprocess.com\/#\/schema\/logo\/image\/\"},\"sameAs\":[\"https:\/\/www.facebook.com\/IteraBusinessProcess\",\"https:\/\/www.linkedin.com\/company\/itera-process\"],\"description\":\"Somos especialistas en proyectos complejos de Cloud, Workflow Automation, AI y Data. Aceleramos la transformaci\u00f3n digital de las empresas con un enfoque estrat\u00e9gico, \u00e1gil y centrado en resultados.\",\"email\":\"info.mx.df@iteraprocess.com\",\"telephone\":\"52553300 0650\",\"legalName\":\"IT ERA SA de CV\",\"foundingDate\":\"2001-01-30\",\"vatID\":\"ESB85261071\",\"numberOfEmployees\":{\"@type\":\"QuantitativeValue\",\"minValue\":\"201\",\"maxValue\":\"500\"}}]}<\/script>\n<!-- \/ Yoast SEO Premium plugin. -->","yoast_head_json":{"title":"Itera Listening Mailbox - Itera Process","description":"Itera Listening Mailbox. We appreciate the time it takes, your opinion is of great importance to improve your experience in our service.","robots":{"index":"index","follow":"follow","max-snippet":"max-snippet:-1","max-image-preview":"max-image-preview:large","max-video-preview":"max-video-preview:-1"},"canonical":"https:\/\/iteraprocess.com\/en\/itera-listening-mailbox\/","og_locale":"en_US","og_type":"article","og_title":"Itera Listening Mailbox","og_description":"Itera Listening Mailbox. We appreciate the time it takes, your opinion is of great importance to improve your experience in our service.","og_url":"https:\/\/iteraprocess.com\/en\/itera-listening-mailbox\/","og_site_name":"Itera Process","article_publisher":"https:\/\/www.facebook.com\/IteraBusinessProcess","article_modified_time":"2025-02-07T22:06:56+00:00","twitter_card":"summary_large_image","schema":{"@context":"https:\/\/schema.org","@graph":[{"@type":"WebPage","@id":"https:\/\/iteraprocess.com\/en\/itera-listening-mailbox\/","url":"https:\/\/iteraprocess.com\/en\/itera-listening-mailbox\/","name":"Itera Listening Mailbox - Itera Process","isPartOf":{"@id":"https:\/\/iteraprocess.com\/#website"},"datePublished":"2025-01-16T15:48:22+00:00","dateModified":"2025-02-07T22:06:56+00:00","description":"Itera Listening Mailbox. We appreciate the time it takes, your opinion is of great importance to improve your experience in our service.","breadcrumb":{"@id":"https:\/\/iteraprocess.com\/en\/itera-listening-mailbox\/#breadcrumb"},"inLanguage":"en-US","potentialAction":[{"@type":"ReadAction","target":["https:\/\/iteraprocess.com\/en\/itera-listening-mailbox\/"]}]},{"@type":"BreadcrumbList","@id":"https:\/\/iteraprocess.com\/en\/itera-listening-mailbox\/#breadcrumb","itemListElement":[{"@type":"ListItem","position":1,"name":"Portada","item":"https:\/\/iteraprocess.com\/en\/home\/"},{"@type":"ListItem","position":2,"name":"Itera Listening Mailbox"}]},{"@type":"WebSite","@id":"https:\/\/iteraprocess.com\/#website","url":"https:\/\/iteraprocess.com\/","name":"Itera Process","description":"","publisher":{"@id":"https:\/\/iteraprocess.com\/#organization"},"potentialAction":[{"@type":"SearchAction","target":{"@type":"EntryPoint","urlTemplate":"https:\/\/iteraprocess.com\/?s={search_term_string}"},"query-input":{"@type":"PropertyValueSpecification","valueRequired":true,"valueName":"search_term_string"}}],"inLanguage":"en-US"},{"@type":"Organization","@id":"https:\/\/iteraprocess.com\/#organization","name":"Itera Process","alternateName":"IT ERA","url":"https:\/\/iteraprocess.com\/","logo":{"@type":"ImageObject","inLanguage":"en-US","@id":"https:\/\/iteraprocess.com\/#\/schema\/logo\/image\/","url":"https:\/\/iteraprocess.com\/wp-content\/uploads\/2026\/03\/2.png","contentUrl":"https:\/\/iteraprocess.com\/wp-content\/uploads\/2026\/03\/2.png","width":1200,"height":1200,"caption":"Itera Process"},"image":{"@id":"https:\/\/iteraprocess.com\/#\/schema\/logo\/image\/"},"sameAs":["https:\/\/www.facebook.com\/IteraBusinessProcess","https:\/\/www.linkedin.com\/company\/itera-process"],"description":"Somos especialistas en proyectos complejos de Cloud, Workflow Automation, AI y Data. Aceleramos la transformaci\u00f3n digital de las empresas con un enfoque estrat\u00e9gico, \u00e1gil y centrado en resultados.","email":"info.mx.df@iteraprocess.com","telephone":"52553300 0650","legalName":"IT ERA SA de CV","foundingDate":"2001-01-30","vatID":"ESB85261071","numberOfEmployees":{"@type":"QuantitativeValue","minValue":"201","maxValue":"500"}}]}},"_links":{"self":[{"href":"https:\/\/iteraprocess.com\/en\/wp-json\/wp\/v2\/pages\/23042","targetHints":{"allow":["GET"]}}],"collection":[{"href":"https:\/\/iteraprocess.com\/en\/wp-json\/wp\/v2\/pages"}],"about":[{"href":"https:\/\/iteraprocess.com\/en\/wp-json\/wp\/v2\/types\/page"}],"author":[{"embeddable":true,"href":"https:\/\/iteraprocess.com\/en\/wp-json\/wp\/v2\/users\/1"}],"replies":[{"embeddable":true,"href":"https:\/\/iteraprocess.com\/en\/wp-json\/wp\/v2\/comments?post=23042"}],"version-history":[{"count":0,"href":"https:\/\/iteraprocess.com\/en\/wp-json\/wp\/v2\/pages\/23042\/revisions"}],"wp:attachment":[{"href":"https:\/\/iteraprocess.com\/en\/wp-json\/wp\/v2\/media?parent=23042"}],"wp:term":[{"taxonomy":"category","embeddable":true,"href":"https:\/\/iteraprocess.com\/en\/wp-json\/wp\/v2\/categories?post=23042"},{"taxonomy":"post_tag","embeddable":true,"href":"https:\/\/iteraprocess.com\/en\/wp-json\/wp\/v2\/tags?post=23042"}],"curies":[{"name":"wp","href":"https:\/\/api.w.org\/{rel}","templated":true}]}}