{"id":23048,"date":"2025-01-11T20:53:58","date_gmt":"2025-01-12T01:53:58","guid":{"rendered":"https:\/\/iteraprocess.com\/privacy-notice-spain\/"},"modified":"2025-12-03T19:06:47","modified_gmt":"2025-12-04T00:06:47","slug":"privacy-notice-spain","status":"publish","type":"page","link":"https:\/\/iteraprocess.com\/en\/privacy-notice-spain\/","title":{"rendered":"Privacy Notice Spain"},"content":{"rendered":"\t\t<div data-elementor-type=\"wp-page\" data-elementor-id=\"23048\" class=\"elementor elementor-23048 elementor-14875\" data-elementor-post-type=\"page\">\n\t\t\t\t<div class=\"elementor-element elementor-element-1a4b596 e-con-full e-flex e-con e-parent\" data-id=\"1a4b596\" data-element_type=\"container\">\n\t\t<div class=\"elementor-element elementor-element-d3884b9 e-con-full e-flex e-con e-child\" data-id=\"d3884b9\" data-element_type=\"container\" data-settings=\"{&quot;background_background&quot;:&quot;classic&quot;}\">\n\t\t\t\t<div class=\"elementor-element elementor-element-f9e3925 elementor-widget elementor-widget-text-editor\" data-id=\"f9e3925\" data-element_type=\"widget\" data-widget_type=\"text-editor.default\">\n\t\t\t\t<div class=\"elementor-widget-container\">\n\t\t\t\t\t\t\t\t\t<h1 class=\"header_title\"><span class=\"title_a\">Privacy Notice <\/span><span class=\"title_b\">Spain<\/span><\/h1>\t\t\t\t\t\t\t\t<\/div>\n\t\t\t\t<\/div>\n\t\t<div class=\"elementor-element elementor-element-0473225 e-con-full custom-breadcrumbs-content e-flex e-con e-child\" data-id=\"0473225\" data-element_type=\"container\" data-settings=\"{&quot;background_background&quot;:&quot;classic&quot;,&quot;position&quot;:&quot;absolute&quot;}\">\n\t\t\t\t<div class=\"elementor-element elementor-element-744f971 elementor-widget__width-auto custom-breadcrumbs elementor-widget elementor-widget-text-editor\" data-id=\"744f971\" data-element_type=\"widget\" data-widget_type=\"text-editor.default\">\n\t\t\t\t<div class=\"elementor-widget-container\">\n\t\t\t\t\t\t\t\t\t<ul><li><a href=\"\/\">Home<\/a><\/li><li>Privacy Notice Spain<\/li><\/ul>\t\t\t\t\t\t\t\t<\/div>\n\t\t\t\t<\/div>\n\t\t\t\t<\/div>\n\t\t\t\t<\/div>\n\t\t\t\t<\/div>\n\t\t<div class=\"elementor-element elementor-element-35c4b27 e-flex e-con-boxed e-con e-parent\" data-id=\"35c4b27\" data-element_type=\"container\">\n\t\t\t\t\t<div class=\"e-con-inner\">\n\t\t\t\t<div class=\"elementor-element elementor-element-f395389 elementor-widget__width-initial elementor-widget elementor-widget-text-editor\" data-id=\"f395389\" data-element_type=\"widget\" data-widget_type=\"text-editor.default\">\n\t\t\t\t<div class=\"elementor-widget-container\">\n\t\t\t\t\t\t\t\t\t<div style=\"font-family: poppins; text-align: justify;\"><p style=\"font-size: 30px; color: #00607b; font-weight: bold; margin: 0;\">ITERA PROCESS CONSULTING S.L.<\/p><p>Domiciled in Parque Tecnol\u00f3gico de Madrid. Calle Santiago Grisol\u00eda N\u00ba2 \/\/ C.P. 28760 Tres Cantos Madrid, Spain and with telephone: (+34) (91) 803 5954, in compliance with Organic Law 3\/2018, on the Protection of Personal Data and Guarantee of Digital Rights (LOPDGDD), <strong> ITERA PROCESS CONSULTING S.L.<\/strong> (hereinafter It Era), our organization assumes the commitment to guarantee the due protection of personal information, ensuring its appropriate use, the use of this website and its forms entails the acceptance and granting of consent for the processing of the user&#8217;s personal data in accordance with the privacy policy detailed below, which includes the collection of access data and the sending of commercial information by electronic means.<\/p><p style=\"font-size: 30px; color: #00607b; font-weight: bold; margin: 0;\">INFORMATION ON DATA COLLECTION<\/p><p>Both on the It Era website, as well as in forms, the information to be collected is identification data (we do not process specially protected data and data of people under 14 years of age) and contact data, such as:<\/p><ul class=\"list_default\" style=\"padding-left: 50px !important; list-style: disc;\"><li>Full name.<\/li><li>Age.<\/li><li>Date of birth.<\/li><li>Domicile<\/li><li>Nationality.<\/li><li>Email.<\/li><li>Home, office, mobile phone.<\/li><li>Empresa de trabajo<\/li><\/ul><p style=\"font-size: 30px; color: #00607b; font-weight: bold; margin: 0;\">PURPOSE<\/p><p>The purpose of the processing of personal data is:<\/p><ul class=\"list_default\" style=\"padding-left: 50px !important; list-style: disc;\"><li>Provide the required services and products.<\/li><li>To inform about new products or services that are related to what has been contracted or acquired by the client, changes in products or services, to evaluate the quality of the service and advertising in general, offered by or related to It Era.<\/li><li>Manage, administer, monitor your activity on the embedded blog\/forum.<\/li><li>Comply with the obligations established with customers.<\/li><li>Compliance with legal obligations.<\/li><li>Channel requests for information, suggestions and claims for management and resolution through the complaints, denunciations and surveys mailbox.<\/li><\/ul><p>With regard to job offer candidates or job applicants, the processing of personal data provided through our web forms is for the purpose of:<\/p><ul class=\"list_default\" style=\"padding-left: 50px !important; list-style: disc;\"><li>Manage the application.<\/li><li>Communicate with the applicant to inform them of the status of the selection process and the candidacy in it.<\/li><li>To understand the behaviour of the surfer within the website in order to detect possible computer attacks on our website.<\/li><li>To protect and exercise our rights or respond to claims of any kind<\/li><li>Sending communications regarding new job offers that we make and that are adapted to your needs; provided that such information has been previously authorized.<\/li><\/ul><p>To request access, rectification, deletion or limitation of the processing of personal data or to oppose the processing, in the event that the requirements established in the General Data Protection Regulation are met, as well as in Organic Law 3\/2018, of 5 December, on the Protection of Personal Data and guarantee of rights<br>digital data, you can write to the data controller, in this case to <a href=\"mailto:rgpd.spain@iteraprocess.com\">rgpd.spain@iteraprocess.com<\/a>, or to the following address: Parque Tecnol\u00f3gico de Madrid. Calle Santiago Grisol\u00eda N\u00ba 2 \/\/ C.P. 28760 Tres Cantos Madrid, Spain<\/p><p style=\"font-size: 30px; color: #00607b; font-weight: bold; margin: 0;\">LEGITIMATION<\/p><p>The legal basis established for the processing of personal data is consent to:<\/p><ul class=\"list_default\" style=\"padding-left: 50px !important; list-style: disc;\"><li>The processing and management of any request for information or queries about IT Era&#8217;s professional services, legitimate interest of the data controller.<\/li><li>Compliance with legal obligations.<\/li><li>The execution of a contract or pre-contract and\/or commercial relationship.<\/li><\/ul><p style=\"font-size: 30px; color: #00607b; font-weight: bold; margin: 0;\">RECIPIENTS<\/p><p><b>IT ERA<\/b> may transfer your personal data to third parties related commercially or contractually, provided that<br>is necessary to comply with the purposes described in this privacy notice, in specific cases<br>provided for by law or the following entities:<\/p><ul class=\"list_default\" style=\"padding-left: 50px !important; list-style: disc;\"><li>Affiliated companies and subsidiaries of <strong>It Era<\/strong> national and international.<\/li><li>Business partners with whom it carries out agreements or contracts focused on the development of new products and\/or services.<\/li><li>Third parties requesting employment references from former <strong>employees of It Era<\/strong> for legally established reasons, corporate restructuring, including merger, consolidation, sale, liquidation or transfer of assets.<\/li><\/ul><p>Third parties and entities receiving personal data assume the same obligations and\/or responsibilities as <strong>It Era<\/strong> and have access to the company&#8217;s information or systems as long as you agree:<\/p><ul class=\"list_default\" style=\"padding-left: 50px !important; list-style: disc;\"><li>Compliance with the company&#8217;s electronic information security policy and the company&#8217;s<span style=\"color: #0000ff;\"><a style=\"color: #0000ff;\" href=\"https:\/\/iteraprocess.com\/en\/national-security-scheme-policy\/\"> data protection policy.<\/a><\/span><\/li><li>Appropriate provisions to ensure the continued security of information and systems in the event of termination or transfer of a contract to another provider.<\/li><li>Confidentiality obligations when a third party has access to company information.<\/li><li>Secure paths and access rights required for maintenance based on the principle of least privilege<\/li><li>Complete audit of all actions in accordance with the audit process.<\/li><\/ul><p>All transfers of personal data are carried out in accordance with the data protection regulations in force and under the implementation of appropriate security measures aimed at safeguarding privacy. The third parties with whom we share data are guaranteed to be fully committed to the confidentiality and security of such information. <\/p><p>The transfers of personal data are always carried out in compliance with the following conditions:<\/p><ul class=\"list_default\" style=\"padding-left: 50px !important; list-style: disc;\"><li>Transfers subject to appropriate safeguards where data protection measures are in place.<\/li><li>Binding corporate rules to which the transferor and transferee have adhered.<\/li><\/ul><p style=\"font-size: 30px; color: #00607b; font-weight: bold; margin: 0;\">DATA RETENTION PERIOD<\/p><p>Personal data will be processed as long as the validity of the consent is maintained in accordance with applicable legislation, once the relationship with the user has ended, the data will be kept for 2 years.<\/p><p style=\"font-size: 30px; color: #00607b; font-weight: bold; margin: 0;\">ARCO RIGHTS<\/p><p><b>IT ERA<\/b> informs the data subject that he\/she may exercise at any time the Rights of:<\/p><ul class=\"list_default\" style=\"padding-left: 50px !important; list-style: disc;\"><li>Access: You can consult your personal data.<\/li><li>Rectification: You can modify your personal data when it is not complete.<\/li><li>Supresi\u00f3n: Puede solicitar la eliminaci\u00f3n de sus datos, cuando los datos ya no sean necesarios para los fines que fueron recogidos, a trav\u00e9s de la <span style=\"color: #0000ff;\"><strong><a style=\"color: #0000ff;\" href=\"https:\/\/iteraprocess.com\/en\/national-security-scheme-policy\/\">p\u00e1gina web de It Era.<\/a><\/strong><\/span><\/li><li>Request the <strong>portability<\/strong> of your data, or transmit it to another entity.<\/li><li><strong>Opposition:<\/strong> You can request that your personal data not be processed. It Era will stop processing the data, except for compelling legitimate reasons, or the exercise or defence of possible claims. <\/li><li><strong>Limitation:<\/strong> It may be exercised when you have objected to the processing of your personal data, for the satisfaction of a justified legitimate interest, in which case it will only be kept for the exercise or defence of claims.<\/li><\/ul><p>The application to exercise your ARCO rights must contain the following information:<\/p><ul class=\"list_default\" style=\"padding-left: 50px !important; list-style: disc;\"><li>The full name, address and a means of communicating with the owner of the personal data.<\/li><li>Valid documents that prove their identity (simple copy in printed or electronic format of their voter card, passport or ID card) or, where applicable, the legal representation of the holder (simple printed or electronic copy of the simple power of attorney with the handwritten signature of the holder, the representative and their corresponding valid official identifications \u2013 voter credential, passport or DNI).<\/li><li>Clear description of the data in respect of which you seek to exercise any of the rights and any other element or document that facilitates the location of the personal data.<\/li><li>For requests for rectification of personal data, the owner will indicate the modifications to be made and will provide the documentation that supports their request.<\/li><\/ul><p>To exercise any of the ARCO rights, as well as to request the applicable forms, the holder will send the respective request to the address of <a href=\"http:\/\/rgpd.spain@iteraprocess.com.\">rgpd.spain@iteraprocess.com.<\/a><br>In the event that the information provided in your application is erroneous or insufficient, or if the corresponding accreditation documents are not attached, you will be asked to provide the necessary documents to process it.<\/p><p>The holder will have ten working days to respond to the requirement, counted from the day after receiving it. If no response is given within this period, the corresponding application will be deemed not to have been submitted. It Era will respond to the holder within a maximum period of 30 calendar days, counted from the date on which the request was received.<br>In all cases, the response will be given through the same channel by which you have submitted your application. Any inconsistencies can be made to the data protection supervisory authority. <\/p><p>In the event that you feel that your rights regarding the protection of your personal data have been violated, especially when you have not obtained satisfaction in the exercise of your rights, you can file a complaint with the competent Data Protection Supervisory Authority (Spanish Data Protection Agency), through its website:  <a href=\"http:\/\/www.agpd.es\">www.agpd.es<\/a>.<\/p><p style=\"font-size: 30px; color: #00607b; font-weight: bold; margin: 0;\">INFORMATION SECURITY<\/p><p>All legally required measures have been taken for the protection of personal data; Likewise, all technical devices at its disposal have been adopted to prevent the loss, misuse, alteration, access or theft of personal data provided by users of the website. The user will take into account that security measures on the Internet are not absolutely inviolable.  <\/p><p style=\"font-size: 30px; color: #00607b; font-weight: bold; margin: 0;\">LEGISLATION AND JURISDICTION<\/p><p>These terms of use are governed by Spanish law. The users and the company<b> ITERA PROCESS CONSULTING S.L.<\/b> submit all interpretations or conflicts that may arise from this legal notice to the Courts and<br>Courts of Spain. <\/p><\/div>\t\t\t\t\t\t\t\t<\/div>\n\t\t\t\t<\/div>\n\t\t\t\t\t<\/div>\n\t\t\t\t<\/div>\n\t\t\t\t<\/div>\n\t\t","protected":false},"excerpt":{"rendered":"<p>Privacy Notice Spain Home Privacy Notice Spain ITERA PROCESS CONSULTING S.L. Domiciled in Parque Tecnol\u00f3gico de Madrid. Calle Santiago Grisol\u00eda N\u00ba2 \/\/ C.P. 28760 Tres Cantos Madrid, Spain and with telephone: (+34) (91) 803 5954, in compliance with Organic Law 3\/2018,&#8230;<\/p>\n","protected":false},"author":1,"featured_media":0,"parent":0,"menu_order":0,"comment_status":"closed","ping_status":"closed","template":"elementor_header_footer","meta":{"inline_featured_image":false,"_joinchat":[],"footnotes":""},"categories":[],"tags":[],"class_list":["post-23048","page","type-page","status-publish","hentry"],"yoast_head":"<!-- This site is optimized with the Yoast SEO Premium plugin v27.2 (Yoast SEO v27.2) - https:\/\/yoast.com\/product\/yoast-seo-premium-wordpress\/ -->\n<title>Privacy Notice Spain - Itera Process<\/title>\n<meta name=\"robots\" content=\"index, follow, max-snippet:-1, max-image-preview:large, max-video-preview:-1\" \/>\n<link rel=\"canonical\" href=\"https:\/\/iteraprocess.com\/en\/privacy-notice-spain\/\" \/>\n<meta property=\"og:locale\" content=\"en_US\" \/>\n<meta property=\"og:type\" content=\"article\" \/>\n<meta property=\"og:title\" content=\"Privacy Notice Spain\" \/>\n<meta property=\"og:description\" content=\"Privacy Notice Spain Home Privacy Notice Spain ITERA PROCESS CONSULTING S.L. Domiciled in Parque Tecnol\u00f3gico de Madrid. Calle Santiago Grisol\u00eda N\u00ba2 \/\/ C.P. 28760 Tres Cantos Madrid, Spain and with telephone: (+34) (91) 803 5954, in compliance with Organic Law 3\/2018,...\" \/>\n<meta property=\"og:url\" content=\"https:\/\/iteraprocess.com\/en\/privacy-notice-spain\/\" \/>\n<meta property=\"og:site_name\" content=\"Itera Process\" \/>\n<meta property=\"article:publisher\" content=\"https:\/\/www.facebook.com\/IteraBusinessProcess\" \/>\n<meta property=\"article:modified_time\" content=\"2025-12-04T00:06:47+00:00\" \/>\n<meta name=\"twitter:card\" content=\"summary_large_image\" \/>\n<meta name=\"twitter:label1\" content=\"Est. reading time\" \/>\n\t<meta name=\"twitter:data1\" content=\"7 minutes\" \/>\n<script type=\"application\/ld+json\" class=\"yoast-schema-graph\">{\"@context\":\"https:\/\/schema.org\",\"@graph\":[{\"@type\":\"WebPage\",\"@id\":\"https:\/\/iteraprocess.com\/en\/privacy-notice-spain\/\",\"url\":\"https:\/\/iteraprocess.com\/en\/privacy-notice-spain\/\",\"name\":\"Privacy Notice Spain - Itera Process\",\"isPartOf\":{\"@id\":\"https:\/\/iteraprocess.com\/#website\"},\"datePublished\":\"2025-01-12T01:53:58+00:00\",\"dateModified\":\"2025-12-04T00:06:47+00:00\",\"breadcrumb\":{\"@id\":\"https:\/\/iteraprocess.com\/en\/privacy-notice-spain\/#breadcrumb\"},\"inLanguage\":\"en-US\",\"potentialAction\":[{\"@type\":\"ReadAction\",\"target\":[\"https:\/\/iteraprocess.com\/en\/privacy-notice-spain\/\"]}]},{\"@type\":\"BreadcrumbList\",\"@id\":\"https:\/\/iteraprocess.com\/en\/privacy-notice-spain\/#breadcrumb\",\"itemListElement\":[{\"@type\":\"ListItem\",\"position\":1,\"name\":\"Portada\",\"item\":\"https:\/\/iteraprocess.com\/en\/home\/\"},{\"@type\":\"ListItem\",\"position\":2,\"name\":\"Privacy Notice Spain\"}]},{\"@type\":\"WebSite\",\"@id\":\"https:\/\/iteraprocess.com\/#website\",\"url\":\"https:\/\/iteraprocess.com\/\",\"name\":\"Itera Process\",\"description\":\"\",\"publisher\":{\"@id\":\"https:\/\/iteraprocess.com\/#organization\"},\"potentialAction\":[{\"@type\":\"SearchAction\",\"target\":{\"@type\":\"EntryPoint\",\"urlTemplate\":\"https:\/\/iteraprocess.com\/?s={search_term_string}\"},\"query-input\":{\"@type\":\"PropertyValueSpecification\",\"valueRequired\":true,\"valueName\":\"search_term_string\"}}],\"inLanguage\":\"en-US\"},{\"@type\":\"Organization\",\"@id\":\"https:\/\/iteraprocess.com\/#organization\",\"name\":\"Itera Process\",\"alternateName\":\"IT ERA\",\"url\":\"https:\/\/iteraprocess.com\/\",\"logo\":{\"@type\":\"ImageObject\",\"inLanguage\":\"en-US\",\"@id\":\"https:\/\/iteraprocess.com\/#\/schema\/logo\/image\/\",\"url\":\"https:\/\/iteraprocess.com\/wp-content\/uploads\/2026\/03\/2.png\",\"contentUrl\":\"https:\/\/iteraprocess.com\/wp-content\/uploads\/2026\/03\/2.png\",\"width\":1200,\"height\":1200,\"caption\":\"Itera Process\"},\"image\":{\"@id\":\"https:\/\/iteraprocess.com\/#\/schema\/logo\/image\/\"},\"sameAs\":[\"https:\/\/www.facebook.com\/IteraBusinessProcess\",\"https:\/\/www.linkedin.com\/company\/itera-process\"],\"description\":\"Somos especialistas en proyectos complejos de Cloud, Workflow Automation, AI y Data. Aceleramos la transformaci\u00f3n digital de las empresas con un enfoque estrat\u00e9gico, \u00e1gil y centrado en resultados.\",\"email\":\"info.mx.df@iteraprocess.com\",\"telephone\":\"52553300 0650\",\"legalName\":\"IT ERA SA de CV\",\"foundingDate\":\"2001-01-30\",\"vatID\":\"ESB85261071\",\"numberOfEmployees\":{\"@type\":\"QuantitativeValue\",\"minValue\":\"201\",\"maxValue\":\"500\"}}]}<\/script>\n<!-- \/ Yoast SEO Premium plugin. -->","yoast_head_json":{"title":"Privacy Notice Spain - Itera Process","robots":{"index":"index","follow":"follow","max-snippet":"max-snippet:-1","max-image-preview":"max-image-preview:large","max-video-preview":"max-video-preview:-1"},"canonical":"https:\/\/iteraprocess.com\/en\/privacy-notice-spain\/","og_locale":"en_US","og_type":"article","og_title":"Privacy Notice Spain","og_description":"Privacy Notice Spain Home Privacy Notice Spain ITERA PROCESS CONSULTING S.L. Domiciled in Parque Tecnol\u00f3gico de Madrid. Calle Santiago Grisol\u00eda N\u00ba2 \/\/ C.P. 28760 Tres Cantos Madrid, Spain and with telephone: (+34) (91) 803 5954, in compliance with Organic Law 3\/2018,...","og_url":"https:\/\/iteraprocess.com\/en\/privacy-notice-spain\/","og_site_name":"Itera Process","article_publisher":"https:\/\/www.facebook.com\/IteraBusinessProcess","article_modified_time":"2025-12-04T00:06:47+00:00","twitter_card":"summary_large_image","twitter_misc":{"Est. reading time":"7 minutes"},"schema":{"@context":"https:\/\/schema.org","@graph":[{"@type":"WebPage","@id":"https:\/\/iteraprocess.com\/en\/privacy-notice-spain\/","url":"https:\/\/iteraprocess.com\/en\/privacy-notice-spain\/","name":"Privacy Notice Spain - Itera Process","isPartOf":{"@id":"https:\/\/iteraprocess.com\/#website"},"datePublished":"2025-01-12T01:53:58+00:00","dateModified":"2025-12-04T00:06:47+00:00","breadcrumb":{"@id":"https:\/\/iteraprocess.com\/en\/privacy-notice-spain\/#breadcrumb"},"inLanguage":"en-US","potentialAction":[{"@type":"ReadAction","target":["https:\/\/iteraprocess.com\/en\/privacy-notice-spain\/"]}]},{"@type":"BreadcrumbList","@id":"https:\/\/iteraprocess.com\/en\/privacy-notice-spain\/#breadcrumb","itemListElement":[{"@type":"ListItem","position":1,"name":"Portada","item":"https:\/\/iteraprocess.com\/en\/home\/"},{"@type":"ListItem","position":2,"name":"Privacy Notice Spain"}]},{"@type":"WebSite","@id":"https:\/\/iteraprocess.com\/#website","url":"https:\/\/iteraprocess.com\/","name":"Itera Process","description":"","publisher":{"@id":"https:\/\/iteraprocess.com\/#organization"},"potentialAction":[{"@type":"SearchAction","target":{"@type":"EntryPoint","urlTemplate":"https:\/\/iteraprocess.com\/?s={search_term_string}"},"query-input":{"@type":"PropertyValueSpecification","valueRequired":true,"valueName":"search_term_string"}}],"inLanguage":"en-US"},{"@type":"Organization","@id":"https:\/\/iteraprocess.com\/#organization","name":"Itera Process","alternateName":"IT ERA","url":"https:\/\/iteraprocess.com\/","logo":{"@type":"ImageObject","inLanguage":"en-US","@id":"https:\/\/iteraprocess.com\/#\/schema\/logo\/image\/","url":"https:\/\/iteraprocess.com\/wp-content\/uploads\/2026\/03\/2.png","contentUrl":"https:\/\/iteraprocess.com\/wp-content\/uploads\/2026\/03\/2.png","width":1200,"height":1200,"caption":"Itera Process"},"image":{"@id":"https:\/\/iteraprocess.com\/#\/schema\/logo\/image\/"},"sameAs":["https:\/\/www.facebook.com\/IteraBusinessProcess","https:\/\/www.linkedin.com\/company\/itera-process"],"description":"Somos especialistas en proyectos complejos de Cloud, Workflow Automation, AI y Data. Aceleramos la transformaci\u00f3n digital de las empresas con un enfoque estrat\u00e9gico, \u00e1gil y centrado en resultados.","email":"info.mx.df@iteraprocess.com","telephone":"52553300 0650","legalName":"IT ERA SA de CV","foundingDate":"2001-01-30","vatID":"ESB85261071","numberOfEmployees":{"@type":"QuantitativeValue","minValue":"201","maxValue":"500"}}]}},"_links":{"self":[{"href":"https:\/\/iteraprocess.com\/en\/wp-json\/wp\/v2\/pages\/23048","targetHints":{"allow":["GET"]}}],"collection":[{"href":"https:\/\/iteraprocess.com\/en\/wp-json\/wp\/v2\/pages"}],"about":[{"href":"https:\/\/iteraprocess.com\/en\/wp-json\/wp\/v2\/types\/page"}],"author":[{"embeddable":true,"href":"https:\/\/iteraprocess.com\/en\/wp-json\/wp\/v2\/users\/1"}],"replies":[{"embeddable":true,"href":"https:\/\/iteraprocess.com\/en\/wp-json\/wp\/v2\/comments?post=23048"}],"version-history":[{"count":0,"href":"https:\/\/iteraprocess.com\/en\/wp-json\/wp\/v2\/pages\/23048\/revisions"}],"wp:attachment":[{"href":"https:\/\/iteraprocess.com\/en\/wp-json\/wp\/v2\/media?parent=23048"}],"wp:term":[{"taxonomy":"category","embeddable":true,"href":"https:\/\/iteraprocess.com\/en\/wp-json\/wp\/v2\/categories?post=23048"},{"taxonomy":"post_tag","embeddable":true,"href":"https:\/\/iteraprocess.com\/en\/wp-json\/wp\/v2\/tags?post=23048"}],"curies":[{"name":"wp","href":"https:\/\/api.w.org\/{rel}","templated":true}]}}