{"id":28585,"date":"2025-09-18T19:22:18","date_gmt":"2025-09-19T00:22:18","guid":{"rendered":"https:\/\/iteraprocess.com\/agile-automation-atlassian-faqs-itera-process\/"},"modified":"2025-09-30T15:11:57","modified_gmt":"2025-09-30T20:11:57","slug":"agile-automation-atlassian-faqs-itera-process","status":"publish","type":"page","link":"https:\/\/iteraprocess.com\/en\/agile-automation-atlassian-faqs-itera-process\/","title":{"rendered":"Agile Automation  Atlassian FAQs | Itera Process"},"content":{"rendered":"\t\t<div data-elementor-type=\"wp-page\" data-elementor-id=\"28585\" class=\"elementor elementor-28585 elementor-28252\" data-elementor-post-type=\"page\">\n\t\t\t\t<div class=\"elementor-element elementor-element-2ed55b1 e-con-full e-flex e-con e-parent\" data-id=\"2ed55b1\" data-element_type=\"container\">\n\t\t<div class=\"elementor-element elementor-element-a26edd3 e-con-full e-flex e-con e-child\" data-id=\"a26edd3\" data-element_type=\"container\" data-settings=\"{&quot;background_background&quot;:&quot;classic&quot;}\">\n\t\t\t\t<div class=\"elementor-element elementor-element-cb4026f elementor-widget elementor-widget-text-editor\" data-id=\"cb4026f\" data-element_type=\"widget\" data-widget_type=\"text-editor.default\">\n\t\t\t\t<div class=\"elementor-widget-container\">\n\t\t\t\t\t\t\t\t\t<h1 class=\"header_title\"><span class=\"title_a\"><span class=\"title_b\">AGILE FAQs<\/span><\/span><\/h1>\n\t\t\t\t\t\t\t\t<\/div>\n\t\t\t\t<\/div>\n\t\t<div class=\"elementor-element elementor-element-a848eb8 e-con-full custom-breadcrumbs-content e-flex e-con e-child\" data-id=\"a848eb8\" data-element_type=\"container\" data-settings=\"{&quot;background_background&quot;:&quot;classic&quot;,&quot;position&quot;:&quot;absolute&quot;}\">\n\t\t\t\t<div class=\"elementor-element elementor-element-801d35c elementor-widget__width-auto custom-breadcrumbs elementor-widget elementor-widget-text-editor\" data-id=\"801d35c\" data-element_type=\"widget\" data-widget_type=\"text-editor.default\">\n\t\t\t\t<div class=\"elementor-widget-container\">\n\t\t\t\t\t\t\t\t\t<ul>\n<li><a href=\"\/\">Home<\/a><\/li>\n<li>FAQs AGILE<\/li>\n<\/ul>\n\t\t\t\t\t\t\t\t<\/div>\n\t\t\t\t<\/div>\n\t\t\t\t<\/div>\n\t\t\t\t<\/div>\n\t\t\t\t<\/div>\n\t\t<div class=\"elementor-element elementor-element-35c4b27 e-flex e-con-boxed e-con e-parent\" data-id=\"35c4b27\" data-element_type=\"container\">\n\t\t\t\t\t<div class=\"e-con-inner\">\n\t\t\t\t<div class=\"elementor-element elementor-element-e2aaa92 elementor-widget__width-inherit elementor-widget elementor-widget-heading\" data-id=\"e2aaa92\" data-element_type=\"widget\" data-widget_type=\"heading.default\">\n\t\t\t\t<div class=\"elementor-widget-container\">\n\t\t\t\t\t<h1 class=\"elementor-heading-title elementor-size-default\">Agile Automation FAQs  <\/h1>\t\t\t\t<\/div>\n\t\t\t\t<\/div>\n\t\t\t\t<div class=\"elementor-element elementor-element-1125457 elementor-widget__width-inherit elementor-widget elementor-widget-heading\" data-id=\"1125457\" data-element_type=\"widget\" data-widget_type=\"heading.default\">\n\t\t\t\t<div class=\"elementor-widget-container\">\n\t\t\t\t\t<h2 class=\"elementor-heading-title elementor-size-default\">1. How do I know if my company needs to automate workflows?<\/h2>\t\t\t\t<\/div>\n\t\t\t\t<\/div>\n\t\t\t\t<div class=\"elementor-element elementor-element-fff2d5f elementor-widget__width-initial elementor-widget elementor-widget-text-editor\" data-id=\"fff2d5f\" data-element_type=\"widget\" data-widget_type=\"text-editor.default\">\n\t\t\t\t<div class=\"elementor-widget-container\">\n\t\t\t\t\t\t\t\t\t<p><span style=\"font-weight: 400;\">When teams waste time on manual tasks, processes become untraceable, or collaboration bottlenecks appear, it&#8217;s a clear sign that automation is necessary. Itera Process, as   <\/span><b>Atlassian Platinum Partner<\/b> <span style=\"font-weight: 400;\">accompanies organizations to identify these critical points and design intelligent flows that eliminate friction and improve productivity.<\/span><\/p>\n\t\t\t\t\t\t\t\t<\/div>\n\t\t\t\t<\/div>\n\t\t\t\t<div class=\"elementor-element elementor-element-7914d1a elementor-widget__width-inherit elementor-widget elementor-widget-heading\" data-id=\"7914d1a\" data-element_type=\"widget\" data-widget_type=\"heading.default\">\n\t\t\t\t<div class=\"elementor-widget-container\">\n\t\t\t\t\t<h2 class=\"elementor-heading-title elementor-size-default\">2. What are the real benefits of using Atlassian to automate workflows?<\/h2>\t\t\t\t<\/div>\n\t\t\t\t<\/div>\n\t\t\t\t<div class=\"elementor-element elementor-element-7de611b elementor-widget__width-initial elementor-widget elementor-widget-text-editor\" data-id=\"7de611b\" data-element_type=\"widget\" data-widget_type=\"text-editor.default\">\n\t\t\t\t<div class=\"elementor-widget-container\">\n\t\t\t\t\t\t\t\t\t<p><span style=\"font-weight: 400;\">Atlassian&#8217;s tools <\/span><a href=\"https:\/\/iteraprocess.com\/en\/atlassian\/\"><span style=\"font-weight: 400;\"> <\/span><\/a> <span style=\"font-weight: 400;\">They allow companies to work more collaboratively, have full visibility of their processes, and reduce errors in daily operations. By implementing them with Itera Process, each automation is tailored to business goals and reinforced with ongoing support that ensures adoption and expected outcomes. <\/span><\/p>\n\t\t\t\t\t\t\t\t<\/div>\n\t\t\t\t<\/div>\n\t\t\t\t<div class=\"elementor-element elementor-element-36ee57a elementor-widget__width-inherit elementor-widget elementor-widget-heading\" data-id=\"36ee57a\" data-element_type=\"widget\" data-widget_type=\"heading.default\">\n\t\t\t\t<div class=\"elementor-widget-container\">\n\t\t\t\t\t<h2 class=\"elementor-heading-title elementor-size-default\">3. How to measure the success of a workflow automation project?<\/h2>\t\t\t\t<\/div>\n\t\t\t\t<\/div>\n\t\t\t\t<div class=\"elementor-element elementor-element-857e205 elementor-widget__width-initial elementor-widget elementor-widget-text-editor\" data-id=\"857e205\" data-element_type=\"widget\" data-widget_type=\"text-editor.default\">\n\t\t\t\t<div class=\"elementor-widget-container\">\n\t\t\t\t\t\t\t\t\t<p><span style=\"font-weight: 400;\">Success is reflected in concrete metrics: reduced cycle times, increased user adoption, and a positive return on investment in a short time. At Itera Process we accompany organizations in the definition and monitoring of these indicators, ensuring that automation is not only a technological change, but a sustainable improvement in the operation. <\/span><\/p>\n\t\t\t\t\t\t\t\t<\/div>\n\t\t\t\t<\/div>\n\t\t\t\t<div class=\"elementor-element elementor-element-3eae42c elementor-widget__width-inherit elementor-widget elementor-widget-heading\" data-id=\"3eae42c\" data-element_type=\"widget\" data-widget_type=\"heading.default\">\n\t\t\t\t<div class=\"elementor-widget-container\">\n\t\t\t\t\t<h2 class=\"elementor-heading-title elementor-size-default\">4. How do agile frameworks relate to automation?<\/h2>\t\t\t\t<\/div>\n\t\t\t\t<\/div>\n\t\t\t\t<div class=\"elementor-element elementor-element-9d6e6f5 elementor-widget__width-initial elementor-widget elementor-widget-text-editor\" data-id=\"9d6e6f5\" data-element_type=\"widget\" data-widget_type=\"text-editor.default\">\n\t\t\t\t<div class=\"elementor-widget-container\">\n\t\t\t\t\t\t\t\t\t<p><span style=\"font-weight: 400;\">Agile frameworks promote iterative collaboration and a focus on generating value. Automation enhances these principles by eliminating repetitive tasks and giving traceability to processes. Itera Process, with its origin in agile culture, integrates automation not only as a technological change, but as a cultural and methodological enabler that reinforces organizational agility.  <\/span><\/p>\n\t\t\t\t\t\t\t\t<\/div>\n\t\t\t\t<\/div>\n\t\t\t\t<div class=\"elementor-element elementor-element-75a4e39 elementor-widget__width-inherit elementor-widget elementor-widget-heading\" data-id=\"75a4e39\" data-element_type=\"widget\" data-widget_type=\"heading.default\">\n\t\t\t\t<div class=\"elementor-widget-container\">\n\t\t\t\t\t<h2 class=\"elementor-heading-title elementor-size-default\">5. How to ensure my team adopts automation tools without resistance?  <\/h2>\t\t\t\t<\/div>\n\t\t\t\t<\/div>\n\t\t\t\t<div class=\"elementor-element elementor-element-0e02feb elementor-widget__width-initial elementor-widget elementor-widget-text-editor\" data-id=\"0e02feb\" data-element_type=\"widget\" data-widget_type=\"text-editor.default\">\n\t\t\t\t<div class=\"elementor-widget-container\">\n\t\t\t\t\t\t\t\t\t<p><span style=\"font-weight: 400;\">The key is hands-on training, clear communication of benefits, and integrating automation into users&#8217; day-to-day lives. Itera Process accompanies this transition with close training and support, ensuring adoption is natural and sustainable. <\/span><\/p>\n\t\t\t\t\t\t\t\t<\/div>\n\t\t\t\t<\/div>\n\t\t\t\t<div class=\"elementor-element elementor-element-4b97f7c elementor-widget__width-inherit elementor-widget elementor-widget-heading\" data-id=\"4b97f7c\" data-element_type=\"widget\" data-widget_type=\"heading.default\">\n\t\t\t\t<div class=\"elementor-widget-container\">\n\t\t\t\t\t<h2 class=\"elementor-heading-title elementor-size-default\">Check out other frequently asked questions about:\n<\/h2>\t\t\t\t<\/div>\n\t\t\t\t<\/div>\n\t\t\t\t<div class=\"elementor-element elementor-element-0b255d6 elementor-widget__width-inherit elementor-widget elementor-widget-heading\" data-id=\"0b255d6\" data-element_type=\"widget\" data-widget_type=\"heading.default\">\n\t\t\t\t<div class=\"elementor-widget-container\">\n\t\t\t\t\t<h3 class=\"elementor-heading-title elementor-size-default\"><a href=\"https:\/\/iteraprocess.com\/en\/faqs-itera\/\">-ITERATES<\/a><\/h3>\t\t\t\t<\/div>\n\t\t\t\t<\/div>\n\t\t\t\t<div class=\"elementor-element elementor-element-bd86bfc elementor-widget__width-inherit elementor-widget elementor-widget-heading\" data-id=\"bd86bfc\" data-element_type=\"widget\" data-widget_type=\"heading.default\">\n\t\t\t\t<div class=\"elementor-widget-container\">\n\t\t\t\t\t<h3 class=\"elementor-heading-title elementor-size-default\"><a href=\"https:\/\/iteraprocess.com\/en\/enterprise-technology-training-faqs-itera-process\/\">- IT TRAINING<\/a><\/h3>\t\t\t\t<\/div>\n\t\t\t\t<\/div>\n\t\t\t\t<div class=\"elementor-element elementor-element-ad38230 elementor-widget__width-inherit elementor-widget elementor-widget-heading\" data-id=\"ad38230\" data-element_type=\"widget\" data-widget_type=\"heading.default\">\n\t\t\t\t<div class=\"elementor-widget-container\">\n\t\t\t\t\t<h3 class=\"elementor-heading-title elementor-size-default\"><a href=\"https:\/\/iteraprocess.com\/en\/data-strategy-cloud-governance-faqs-itera-process\/\">-DATE<\/a><\/h3>\t\t\t\t<\/div>\n\t\t\t\t<\/div>\n\t\t\t\t<div class=\"elementor-element elementor-element-6335224 elementor-widget__width-inherit elementor-widget elementor-widget-heading\" data-id=\"6335224\" data-element_type=\"widget\" data-widget_type=\"heading.default\">\n\t\t\t\t<div class=\"elementor-widget-container\">\n\t\t\t\t\t<h3 class=\"elementor-heading-title elementor-size-default\"><a href=\"https:\/\/iteraprocess.com\/en\/faqs-gen-ai\/\">- GEN AI<\/a><\/h3>\t\t\t\t<\/div>\n\t\t\t\t<\/div>\n\t\t\t\t\t<\/div>\n\t\t\t\t<\/div>\n\t\t\t\t<\/div>\n\t\t","protected":false},"excerpt":{"rendered":"<p>Learn when and how to automate your workflows with Atlassian. We answer the most common questions to implement agile frameworks successfully. <\/p>\n","protected":false},"author":4,"featured_media":0,"parent":0,"menu_order":0,"comment_status":"closed","ping_status":"closed","template":"elementor_header_footer","meta":{"inline_featured_image":false,"_joinchat":[],"footnotes":""},"categories":[],"tags":[],"class_list":["post-28585","page","type-page","status-publish","hentry"],"yoast_head":"<!-- This site is optimized with the Yoast SEO Premium plugin v27.2 (Yoast SEO v27.2) - https:\/\/yoast.com\/product\/yoast-seo-premium-wordpress\/ -->\n<title>Agile Automation Atlassian FAQs | Itera Process - Itera Process<\/title>\n<meta name=\"description\" content=\"Learn when and how to automate your workflows with Atlassian. We answer the most common questions to implement agile frameworks successfully.\" \/>\n<meta name=\"robots\" content=\"index, follow, max-snippet:-1, max-image-preview:large, max-video-preview:-1\" \/>\n<link rel=\"canonical\" href=\"https:\/\/iteraprocess.com\/preguntas-frecuentes-automatizacion-agile\/\" \/>\n<meta property=\"og:locale\" content=\"en_US\" \/>\n<meta property=\"og:type\" content=\"article\" \/>\n<meta property=\"og:title\" content=\"Agile Automation Atlassian FAQs | Itera Process\" \/>\n<meta property=\"og:description\" content=\"Learn when and how to automate your workflows with Atlassian. We answer the most common questions to implement agile frameworks successfully.\" \/>\n<meta property=\"og:url\" content=\"https:\/\/iteraprocess.com\/preguntas-frecuentes-automatizacion-agile\/\" \/>\n<meta property=\"og:site_name\" content=\"Itera Process\" \/>\n<meta property=\"article:publisher\" content=\"https:\/\/www.facebook.com\/IteraBusinessProcess\" \/>\n<meta property=\"article:modified_time\" content=\"2025-09-30T20:11:57+00:00\" \/>\n<meta name=\"twitter:card\" content=\"summary_large_image\" \/>\n<meta name=\"twitter:label1\" content=\"Est. reading time\" \/>\n\t<meta name=\"twitter:data1\" content=\"1 minute\" \/>\n<script type=\"application\/ld+json\" class=\"yoast-schema-graph\">{\"@context\":\"https:\/\/schema.org\",\"@graph\":[{\"@type\":\"WebPage\",\"@id\":\"https:\/\/iteraprocess.com\/preguntas-frecuentes-automatizacion-agile\/\",\"url\":\"https:\/\/iteraprocess.com\/preguntas-frecuentes-automatizacion-agile\/\",\"name\":\"Agile Automation Atlassian FAQs | Itera Process - Itera Process\",\"isPartOf\":{\"@id\":\"https:\/\/iteraprocess.com\/#website\"},\"datePublished\":\"2025-09-19T00:22:18+00:00\",\"dateModified\":\"2025-09-30T20:11:57+00:00\",\"description\":\"Learn when and how to automate your workflows with Atlassian. We answer the most common questions to implement agile frameworks successfully.\",\"breadcrumb\":{\"@id\":\"https:\/\/iteraprocess.com\/preguntas-frecuentes-automatizacion-agile\/#breadcrumb\"},\"inLanguage\":\"en-US\",\"potentialAction\":[{\"@type\":\"ReadAction\",\"target\":[\"https:\/\/iteraprocess.com\/preguntas-frecuentes-automatizacion-agile\/\"]}]},{\"@type\":\"BreadcrumbList\",\"@id\":\"https:\/\/iteraprocess.com\/preguntas-frecuentes-automatizacion-agile\/#breadcrumb\",\"itemListElement\":[{\"@type\":\"ListItem\",\"position\":1,\"name\":\"Portada\",\"item\":\"https:\/\/iteraprocess.com\/en\/home\/\"},{\"@type\":\"ListItem\",\"position\":2,\"name\":\"Agile Automation Atlassian FAQs | Itera Process\"}]},{\"@type\":\"WebSite\",\"@id\":\"https:\/\/iteraprocess.com\/#website\",\"url\":\"https:\/\/iteraprocess.com\/\",\"name\":\"Itera Process\",\"description\":\"\",\"publisher\":{\"@id\":\"https:\/\/iteraprocess.com\/#organization\"},\"potentialAction\":[{\"@type\":\"SearchAction\",\"target\":{\"@type\":\"EntryPoint\",\"urlTemplate\":\"https:\/\/iteraprocess.com\/?s={search_term_string}\"},\"query-input\":{\"@type\":\"PropertyValueSpecification\",\"valueRequired\":true,\"valueName\":\"search_term_string\"}}],\"inLanguage\":\"en-US\"},{\"@type\":\"Organization\",\"@id\":\"https:\/\/iteraprocess.com\/#organization\",\"name\":\"Itera Process\",\"alternateName\":\"IT ERA\",\"url\":\"https:\/\/iteraprocess.com\/\",\"logo\":{\"@type\":\"ImageObject\",\"inLanguage\":\"en-US\",\"@id\":\"https:\/\/iteraprocess.com\/#\/schema\/logo\/image\/\",\"url\":\"https:\/\/iteraprocess.com\/wp-content\/uploads\/2026\/03\/2.png\",\"contentUrl\":\"https:\/\/iteraprocess.com\/wp-content\/uploads\/2026\/03\/2.png\",\"width\":1200,\"height\":1200,\"caption\":\"Itera Process\"},\"image\":{\"@id\":\"https:\/\/iteraprocess.com\/#\/schema\/logo\/image\/\"},\"sameAs\":[\"https:\/\/www.facebook.com\/IteraBusinessProcess\",\"https:\/\/www.linkedin.com\/company\/itera-process\"],\"description\":\"Somos especialistas en proyectos complejos de Cloud, Workflow Automation, AI y Data. Aceleramos la transformaci\u00f3n digital de las empresas con un enfoque estrat\u00e9gico, \u00e1gil y centrado en resultados.\",\"email\":\"info.mx.df@iteraprocess.com\",\"telephone\":\"52553300 0650\",\"legalName\":\"IT ERA SA de CV\",\"foundingDate\":\"2001-01-30\",\"vatID\":\"ESB85261071\",\"numberOfEmployees\":{\"@type\":\"QuantitativeValue\",\"minValue\":\"201\",\"maxValue\":\"500\"}}]}<\/script>\n<!-- \/ Yoast SEO Premium plugin. -->","yoast_head_json":{"title":"Agile Automation Atlassian FAQs | Itera Process - Itera Process","description":"Learn when and how to automate your workflows with Atlassian. We answer the most common questions to implement agile frameworks successfully.","robots":{"index":"index","follow":"follow","max-snippet":"max-snippet:-1","max-image-preview":"max-image-preview:large","max-video-preview":"max-video-preview:-1"},"canonical":"https:\/\/iteraprocess.com\/preguntas-frecuentes-automatizacion-agile\/","og_locale":"en_US","og_type":"article","og_title":"Agile Automation Atlassian FAQs | Itera Process","og_description":"Learn when and how to automate your workflows with Atlassian. We answer the most common questions to implement agile frameworks successfully.","og_url":"https:\/\/iteraprocess.com\/preguntas-frecuentes-automatizacion-agile\/","og_site_name":"Itera Process","article_publisher":"https:\/\/www.facebook.com\/IteraBusinessProcess","article_modified_time":"2025-09-30T20:11:57+00:00","twitter_card":"summary_large_image","twitter_misc":{"Est. reading time":"1 minute"},"schema":{"@context":"https:\/\/schema.org","@graph":[{"@type":"WebPage","@id":"https:\/\/iteraprocess.com\/preguntas-frecuentes-automatizacion-agile\/","url":"https:\/\/iteraprocess.com\/preguntas-frecuentes-automatizacion-agile\/","name":"Agile Automation Atlassian FAQs | Itera Process - Itera Process","isPartOf":{"@id":"https:\/\/iteraprocess.com\/#website"},"datePublished":"2025-09-19T00:22:18+00:00","dateModified":"2025-09-30T20:11:57+00:00","description":"Learn when and how to automate your workflows with Atlassian. We answer the most common questions to implement agile frameworks successfully.","breadcrumb":{"@id":"https:\/\/iteraprocess.com\/preguntas-frecuentes-automatizacion-agile\/#breadcrumb"},"inLanguage":"en-US","potentialAction":[{"@type":"ReadAction","target":["https:\/\/iteraprocess.com\/preguntas-frecuentes-automatizacion-agile\/"]}]},{"@type":"BreadcrumbList","@id":"https:\/\/iteraprocess.com\/preguntas-frecuentes-automatizacion-agile\/#breadcrumb","itemListElement":[{"@type":"ListItem","position":1,"name":"Portada","item":"https:\/\/iteraprocess.com\/en\/home\/"},{"@type":"ListItem","position":2,"name":"Agile Automation Atlassian FAQs | Itera Process"}]},{"@type":"WebSite","@id":"https:\/\/iteraprocess.com\/#website","url":"https:\/\/iteraprocess.com\/","name":"Itera Process","description":"","publisher":{"@id":"https:\/\/iteraprocess.com\/#organization"},"potentialAction":[{"@type":"SearchAction","target":{"@type":"EntryPoint","urlTemplate":"https:\/\/iteraprocess.com\/?s={search_term_string}"},"query-input":{"@type":"PropertyValueSpecification","valueRequired":true,"valueName":"search_term_string"}}],"inLanguage":"en-US"},{"@type":"Organization","@id":"https:\/\/iteraprocess.com\/#organization","name":"Itera Process","alternateName":"IT ERA","url":"https:\/\/iteraprocess.com\/","logo":{"@type":"ImageObject","inLanguage":"en-US","@id":"https:\/\/iteraprocess.com\/#\/schema\/logo\/image\/","url":"https:\/\/iteraprocess.com\/wp-content\/uploads\/2026\/03\/2.png","contentUrl":"https:\/\/iteraprocess.com\/wp-content\/uploads\/2026\/03\/2.png","width":1200,"height":1200,"caption":"Itera Process"},"image":{"@id":"https:\/\/iteraprocess.com\/#\/schema\/logo\/image\/"},"sameAs":["https:\/\/www.facebook.com\/IteraBusinessProcess","https:\/\/www.linkedin.com\/company\/itera-process"],"description":"Somos especialistas en proyectos complejos de Cloud, Workflow Automation, AI y Data. Aceleramos la transformaci\u00f3n digital de las empresas con un enfoque estrat\u00e9gico, \u00e1gil y centrado en resultados.","email":"info.mx.df@iteraprocess.com","telephone":"52553300 0650","legalName":"IT ERA SA de CV","foundingDate":"2001-01-30","vatID":"ESB85261071","numberOfEmployees":{"@type":"QuantitativeValue","minValue":"201","maxValue":"500"}}]}},"_links":{"self":[{"href":"https:\/\/iteraprocess.com\/en\/wp-json\/wp\/v2\/pages\/28585","targetHints":{"allow":["GET"]}}],"collection":[{"href":"https:\/\/iteraprocess.com\/en\/wp-json\/wp\/v2\/pages"}],"about":[{"href":"https:\/\/iteraprocess.com\/en\/wp-json\/wp\/v2\/types\/page"}],"author":[{"embeddable":true,"href":"https:\/\/iteraprocess.com\/en\/wp-json\/wp\/v2\/users\/4"}],"replies":[{"embeddable":true,"href":"https:\/\/iteraprocess.com\/en\/wp-json\/wp\/v2\/comments?post=28585"}],"version-history":[{"count":0,"href":"https:\/\/iteraprocess.com\/en\/wp-json\/wp\/v2\/pages\/28585\/revisions"}],"wp:attachment":[{"href":"https:\/\/iteraprocess.com\/en\/wp-json\/wp\/v2\/media?parent=28585"}],"wp:term":[{"taxonomy":"category","embeddable":true,"href":"https:\/\/iteraprocess.com\/en\/wp-json\/wp\/v2\/categories?post=28585"},{"taxonomy":"post_tag","embeddable":true,"href":"https:\/\/iteraprocess.com\/en\/wp-json\/wp\/v2\/tags?post=28585"}],"curies":[{"name":"wp","href":"https:\/\/api.w.org\/{rel}","templated":true}]}}