{"id":28590,"date":"2025-09-18T19:30:28","date_gmt":"2025-09-19T00:30:28","guid":{"rendered":"https:\/\/iteraprocess.com\/enterprise-technology-training-faqs-itera-process\/"},"modified":"2025-09-30T15:11:49","modified_gmt":"2025-09-30T20:11:49","slug":"enterprise-technology-training-faqs-itera-process","status":"publish","type":"page","link":"https:\/\/iteraprocess.com\/en\/enterprise-technology-training-faqs-itera-process\/","title":{"rendered":"Enterprise Technology Training FAQs | Itera Process"},"content":{"rendered":"\t\t<div data-elementor-type=\"wp-page\" data-elementor-id=\"28590\" class=\"elementor elementor-28590 elementor-28198\" data-elementor-post-type=\"page\">\n\t\t\t\t<div class=\"elementor-element elementor-element-2ed55b1 e-con-full e-flex e-con e-parent\" data-id=\"2ed55b1\" data-element_type=\"container\">\n\t\t<div class=\"elementor-element elementor-element-a26edd3 e-con-full e-flex e-con e-child\" data-id=\"a26edd3\" data-element_type=\"container\" data-settings=\"{&quot;background_background&quot;:&quot;classic&quot;}\">\n\t\t\t\t<div class=\"elementor-element elementor-element-cb4026f elementor-widget elementor-widget-text-editor\" data-id=\"cb4026f\" data-element_type=\"widget\" data-widget_type=\"text-editor.default\">\n\t\t\t\t<div class=\"elementor-widget-container\">\n\t\t\t\t\t\t\t\t\t<h1 class=\"header_title\"><span class=\"title_a\">FAQs<\/span><span class=\"title_b\">IT TRAINING<\/span><\/h1>\n\t\t\t\t\t\t\t\t<\/div>\n\t\t\t\t<\/div>\n\t\t<div class=\"elementor-element elementor-element-a848eb8 e-con-full custom-breadcrumbs-content e-flex e-con e-child\" data-id=\"a848eb8\" data-element_type=\"container\" data-settings=\"{&quot;background_background&quot;:&quot;classic&quot;,&quot;position&quot;:&quot;absolute&quot;}\">\n\t\t\t\t<div class=\"elementor-element elementor-element-801d35c elementor-widget__width-auto custom-breadcrumbs elementor-widget elementor-widget-text-editor\" data-id=\"801d35c\" data-element_type=\"widget\" data-widget_type=\"text-editor.default\">\n\t\t\t\t<div class=\"elementor-widget-container\">\n\t\t\t\t\t\t\t\t\t<ul>\n<li><a href=\"\/\">Home<\/a><\/li>\n<li>FAQs IT TRAINING<\/li>\n<\/ul>\n\t\t\t\t\t\t\t\t<\/div>\n\t\t\t\t<\/div>\n\t\t\t\t<\/div>\n\t\t\t\t<\/div>\n\t\t\t\t<\/div>\n\t\t<div class=\"elementor-element elementor-element-35c4b27 e-flex e-con-boxed e-con e-parent\" data-id=\"35c4b27\" data-element_type=\"container\">\n\t\t\t\t\t<div class=\"e-con-inner\">\n\t\t\t\t<div class=\"elementor-element elementor-element-e2aaa92 elementor-widget__width-inherit elementor-widget elementor-widget-heading\" data-id=\"e2aaa92\" data-element_type=\"widget\" data-widget_type=\"heading.default\">\n\t\t\t\t<div class=\"elementor-widget-container\">\n\t\t\t\t\t<h1 class=\"elementor-heading-title elementor-size-default\">FAQs on Business Technology Training\n<\/h1>\t\t\t\t<\/div>\n\t\t\t\t<\/div>\n\t\t\t\t<div class=\"elementor-element elementor-element-1125457 elementor-widget__width-inherit elementor-widget elementor-widget-heading\" data-id=\"1125457\" data-element_type=\"widget\" data-widget_type=\"heading.default\">\n\t\t\t\t<div class=\"elementor-widget-container\">\n\t\t\t\t\t<h2 class=\"elementor-heading-title elementor-size-default\">1. How important is it to train the team during a digital transformation?<\/h2>\t\t\t\t<\/div>\n\t\t\t\t<\/div>\n\t\t\t\t<div class=\"elementor-element elementor-element-fff2d5f elementor-widget__width-initial elementor-widget elementor-widget-text-editor\" data-id=\"fff2d5f\" data-element_type=\"widget\" data-widget_type=\"text-editor.default\">\n\t\t\t\t<div class=\"elementor-widget-container\">\n\t\t\t\t\t\t\t\t\t<p><span style=\"font-weight: 400;\">Digital transformation is not only about technology, but also about people. Empowering the team ensures that they adopt new tools with confidence and integrate agile methodologies into their day-to-day work. Itera Process offers hands-on training with ongoing support, accelerating adoption and multiplying the impact of technology investment.  <\/span><\/p>\n\t\t\t\t\t\t\t\t<\/div>\n\t\t\t\t<\/div>\n\t\t\t\t<div class=\"elementor-element elementor-element-7914d1a elementor-widget__width-inherit elementor-widget elementor-widget-heading\" data-id=\"7914d1a\" data-element_type=\"widget\" data-widget_type=\"heading.default\">\n\t\t\t\t<div class=\"elementor-widget-container\">\n\t\t\t\t\t<h2 class=\"elementor-heading-title elementor-size-default\">2. How do I ensure my team adopts new tools after a digital transformation?<\/h2>\t\t\t\t<\/div>\n\t\t\t\t<\/div>\n\t\t\t\t<div class=\"elementor-element elementor-element-7de611b elementor-widget__width-initial elementor-widget elementor-widget-text-editor\" data-id=\"7de611b\" data-element_type=\"widget\" data-widget_type=\"text-editor.default\">\n\t\t\t\t<div class=\"elementor-widget-container\">\n\t\t\t\t\t\t\t\t\t<p><span style=\"font-weight: 400;\">The secret is to combine practical training, support in the implementation and follow-up with adoption metrics. With Itera Process, teams not only learn how to use technologies, but are able to integrate them naturally into their work, ensuring that the transformation translates into real results. <\/span><\/p>\n\t\t\t\t\t\t\t\t<\/div>\n\t\t\t\t<\/div>\n\t\t\t\t<div class=\"elementor-element elementor-element-36ee57a elementor-widget__width-inherit elementor-widget elementor-widget-heading\" data-id=\"36ee57a\" data-element_type=\"widget\" data-widget_type=\"heading.default\">\n\t\t\t\t<div class=\"elementor-widget-container\">\n\t\t\t\t\t<h2 class=\"elementor-heading-title elementor-size-default\">3. What is the difference between generic online courses and programs endorsed by technology partners?<\/h2>\t\t\t\t<\/div>\n\t\t\t\t<\/div>\n\t\t\t\t<div class=\"elementor-element elementor-element-857e205 elementor-widget__width-initial elementor-widget elementor-widget-text-editor\" data-id=\"857e205\" data-element_type=\"widget\" data-widget_type=\"text-editor.default\">\n\t\t\t\t<div class=\"elementor-widget-container\">\n\t\t\t\t\t\t\t\t\t<p><span style=\"font-weight: 400;\">A generic online course usually remains in theory, while a program endorsed by technology partners offers up-to-date, applicable content aligned with the most relevant platforms on the market. Itera Process, in partnership with AWS, Atlassian, and Udemy Business, ensures training programs that have a direct impact on business productivity. <\/span><\/p>\n\t\t\t\t\t\t\t\t<\/div>\n\t\t\t\t<\/div>\n\t\t\t\t<div class=\"elementor-element elementor-element-3eae42c elementor-widget__width-inherit elementor-widget elementor-widget-heading\" data-id=\"3eae42c\" data-element_type=\"widget\" data-widget_type=\"heading.default\">\n\t\t\t\t<div class=\"elementor-widget-container\">\n\t\t\t\t\t<h2 class=\"elementor-heading-title elementor-size-default\">4. What are the benefits of Udemy Business for large enterprises?<\/h2>\t\t\t\t<\/div>\n\t\t\t\t<\/div>\n\t\t\t\t<div class=\"elementor-element elementor-element-9d6e6f5 elementor-widget__width-initial elementor-widget elementor-widget-text-editor\" data-id=\"9d6e6f5\" data-element_type=\"widget\" data-widget_type=\"text-editor.default\">\n\t\t\t\t<div class=\"elementor-widget-container\">\n\t\t\t\t\t\t\t\t\t<p><span style=\"font-weight: 400;\">Udemy Business is a platform designed to drive continuous learning in large organizations. It enables you to scale the development of critical skills in innovation, leadership, and technology with flexibility and global reach. When Itera Process accompanies the implementation, companies maximize the value of the tool and integrate it into their digital transformation strategy in a sustainable way.  <\/span><\/p>\n\t\t\t\t\t\t\t\t<\/div>\n\t\t\t\t<\/div>\n\t\t\t\t<div class=\"elementor-element elementor-element-4b97f7c elementor-widget__width-inherit elementor-widget elementor-widget-heading\" data-id=\"4b97f7c\" data-element_type=\"widget\" data-widget_type=\"heading.default\">\n\t\t\t\t<div class=\"elementor-widget-container\">\n\t\t\t\t\t<h2 class=\"elementor-heading-title elementor-size-default\">Check out other frequently asked questions about:\n<\/h2>\t\t\t\t<\/div>\n\t\t\t\t<\/div>\n\t\t\t\t<div class=\"elementor-element elementor-element-0b255d6 elementor-widget__width-inherit elementor-widget elementor-widget-heading\" data-id=\"0b255d6\" data-element_type=\"widget\" data-widget_type=\"heading.default\">\n\t\t\t\t<div class=\"elementor-widget-container\">\n\t\t\t\t\t<h3 class=\"elementor-heading-title elementor-size-default\"><a href=\"https:\/\/iteraprocess.com\/en\/faqs-itera\/\">-ITERATES<\/a><\/h3>\t\t\t\t<\/div>\n\t\t\t\t<\/div>\n\t\t\t\t<div class=\"elementor-element elementor-element-bd86bfc elementor-widget__width-inherit elementor-widget elementor-widget-heading\" data-id=\"bd86bfc\" data-element_type=\"widget\" data-widget_type=\"heading.default\">\n\t\t\t\t<div class=\"elementor-widget-container\">\n\t\t\t\t\t<h3 class=\"elementor-heading-title elementor-size-default\"><a href=\"https:\/\/iteraprocess.com\/en\/agile-automation-atlassian-faqs-itera-process\/\">-AGILE<\/a><\/h3>\t\t\t\t<\/div>\n\t\t\t\t<\/div>\n\t\t\t\t<div class=\"elementor-element elementor-element-ad38230 elementor-widget__width-inherit elementor-widget elementor-widget-heading\" data-id=\"ad38230\" data-element_type=\"widget\" data-widget_type=\"heading.default\">\n\t\t\t\t<div class=\"elementor-widget-container\">\n\t\t\t\t\t<h3 class=\"elementor-heading-title elementor-size-default\"><a href=\"https:\/\/iteraprocess.com\/en\/data-strategy-cloud-governance-faqs-itera-process\/\">-DATE<\/a><\/h3>\t\t\t\t<\/div>\n\t\t\t\t<\/div>\n\t\t\t\t<div class=\"elementor-element elementor-element-6335224 elementor-widget__width-inherit elementor-widget elementor-widget-heading\" data-id=\"6335224\" data-element_type=\"widget\" data-widget_type=\"heading.default\">\n\t\t\t\t<div class=\"elementor-widget-container\">\n\t\t\t\t\t<h3 class=\"elementor-heading-title elementor-size-default\"><a href=\"https:\/\/iteraprocess.com\/en\/faqs-gen-ai\/\">- GEN AI<\/a><\/h3>\t\t\t\t<\/div>\n\t\t\t\t<\/div>\n\t\t\t\t\t<\/div>\n\t\t\t\t<\/div>\n\t\t\t\t<\/div>\n\t\t","protected":false},"excerpt":{"rendered":"<p>Looking to empower your team for a successful digital transformation? Check out our FAQs on hands-on training, technology adoption, and endorsed programs. <\/p>\n","protected":false},"author":4,"featured_media":0,"parent":0,"menu_order":0,"comment_status":"closed","ping_status":"closed","template":"elementor_header_footer","meta":{"inline_featured_image":false,"_joinchat":[],"footnotes":""},"categories":[],"tags":[],"class_list":["post-28590","page","type-page","status-publish","hentry"],"yoast_head":"<!-- This site is optimized with the Yoast SEO Premium plugin v27.2 (Yoast SEO v27.2) - https:\/\/yoast.com\/product\/yoast-seo-premium-wordpress\/ -->\n<title>Enterprise Technology Training FAQs | Itera Process - Itera Process<\/title>\n<meta name=\"description\" content=\"Looking to empower your team for a successful digital transformation? Check out our FAQs on hands-on training, technology adoption, and endorsed programs.\" \/>\n<meta name=\"robots\" content=\"index, follow, max-snippet:-1, max-image-preview:large, max-video-preview:-1\" \/>\n<link rel=\"canonical\" href=\"https:\/\/iteraprocess.com\/preguntas-frecuentes-it-training\/\" \/>\n<meta property=\"og:locale\" content=\"en_US\" \/>\n<meta property=\"og:type\" content=\"article\" \/>\n<meta property=\"og:title\" content=\"Enterprise Technology Training FAQs | Itera Process\" \/>\n<meta property=\"og:description\" content=\"Looking to empower your team for a successful digital transformation? Check out our FAQs on hands-on training, technology adoption, and endorsed programs.\" \/>\n<meta property=\"og:url\" content=\"https:\/\/iteraprocess.com\/preguntas-frecuentes-it-training\/\" \/>\n<meta property=\"og:site_name\" content=\"Itera Process\" \/>\n<meta property=\"article:publisher\" content=\"https:\/\/www.facebook.com\/IteraBusinessProcess\" \/>\n<meta property=\"article:modified_time\" content=\"2025-09-30T20:11:49+00:00\" \/>\n<meta name=\"twitter:card\" content=\"summary_large_image\" \/>\n<meta name=\"twitter:label1\" content=\"Est. reading time\" \/>\n\t<meta name=\"twitter:data1\" content=\"1 minute\" \/>\n<script type=\"application\/ld+json\" class=\"yoast-schema-graph\">{\"@context\":\"https:\/\/schema.org\",\"@graph\":[{\"@type\":\"WebPage\",\"@id\":\"https:\/\/iteraprocess.com\/preguntas-frecuentes-it-training\/\",\"url\":\"https:\/\/iteraprocess.com\/preguntas-frecuentes-it-training\/\",\"name\":\"Enterprise Technology Training FAQs | Itera Process - Itera Process\",\"isPartOf\":{\"@id\":\"https:\/\/iteraprocess.com\/#website\"},\"datePublished\":\"2025-09-19T00:30:28+00:00\",\"dateModified\":\"2025-09-30T20:11:49+00:00\",\"description\":\"Looking to empower your team for a successful digital transformation? Check out our FAQs on hands-on training, technology adoption, and endorsed programs.\",\"breadcrumb\":{\"@id\":\"https:\/\/iteraprocess.com\/preguntas-frecuentes-it-training\/#breadcrumb\"},\"inLanguage\":\"en-US\",\"potentialAction\":[{\"@type\":\"ReadAction\",\"target\":[\"https:\/\/iteraprocess.com\/preguntas-frecuentes-it-training\/\"]}]},{\"@type\":\"BreadcrumbList\",\"@id\":\"https:\/\/iteraprocess.com\/preguntas-frecuentes-it-training\/#breadcrumb\",\"itemListElement\":[{\"@type\":\"ListItem\",\"position\":1,\"name\":\"Portada\",\"item\":\"https:\/\/iteraprocess.com\/en\/home\/\"},{\"@type\":\"ListItem\",\"position\":2,\"name\":\"Enterprise Technology Training FAQs | Itera Process\"}]},{\"@type\":\"WebSite\",\"@id\":\"https:\/\/iteraprocess.com\/#website\",\"url\":\"https:\/\/iteraprocess.com\/\",\"name\":\"Itera Process\",\"description\":\"\",\"publisher\":{\"@id\":\"https:\/\/iteraprocess.com\/#organization\"},\"potentialAction\":[{\"@type\":\"SearchAction\",\"target\":{\"@type\":\"EntryPoint\",\"urlTemplate\":\"https:\/\/iteraprocess.com\/?s={search_term_string}\"},\"query-input\":{\"@type\":\"PropertyValueSpecification\",\"valueRequired\":true,\"valueName\":\"search_term_string\"}}],\"inLanguage\":\"en-US\"},{\"@type\":\"Organization\",\"@id\":\"https:\/\/iteraprocess.com\/#organization\",\"name\":\"Itera Process\",\"alternateName\":\"IT ERA\",\"url\":\"https:\/\/iteraprocess.com\/\",\"logo\":{\"@type\":\"ImageObject\",\"inLanguage\":\"en-US\",\"@id\":\"https:\/\/iteraprocess.com\/#\/schema\/logo\/image\/\",\"url\":\"https:\/\/iteraprocess.com\/wp-content\/uploads\/2026\/03\/2.png\",\"contentUrl\":\"https:\/\/iteraprocess.com\/wp-content\/uploads\/2026\/03\/2.png\",\"width\":1200,\"height\":1200,\"caption\":\"Itera Process\"},\"image\":{\"@id\":\"https:\/\/iteraprocess.com\/#\/schema\/logo\/image\/\"},\"sameAs\":[\"https:\/\/www.facebook.com\/IteraBusinessProcess\",\"https:\/\/www.linkedin.com\/company\/itera-process\"],\"description\":\"Somos especialistas en proyectos complejos de Cloud, Workflow Automation, AI y Data. Aceleramos la transformaci\u00f3n digital de las empresas con un enfoque estrat\u00e9gico, \u00e1gil y centrado en resultados.\",\"email\":\"info.mx.df@iteraprocess.com\",\"telephone\":\"52553300 0650\",\"legalName\":\"IT ERA SA de CV\",\"foundingDate\":\"2001-01-30\",\"vatID\":\"ESB85261071\",\"numberOfEmployees\":{\"@type\":\"QuantitativeValue\",\"minValue\":\"201\",\"maxValue\":\"500\"}}]}<\/script>\n<!-- \/ Yoast SEO Premium plugin. -->","yoast_head_json":{"title":"Enterprise Technology Training FAQs | Itera Process - Itera Process","description":"Looking to empower your team for a successful digital transformation? Check out our FAQs on hands-on training, technology adoption, and endorsed programs.","robots":{"index":"index","follow":"follow","max-snippet":"max-snippet:-1","max-image-preview":"max-image-preview:large","max-video-preview":"max-video-preview:-1"},"canonical":"https:\/\/iteraprocess.com\/preguntas-frecuentes-it-training\/","og_locale":"en_US","og_type":"article","og_title":"Enterprise Technology Training FAQs | Itera Process","og_description":"Looking to empower your team for a successful digital transformation? Check out our FAQs on hands-on training, technology adoption, and endorsed programs.","og_url":"https:\/\/iteraprocess.com\/preguntas-frecuentes-it-training\/","og_site_name":"Itera Process","article_publisher":"https:\/\/www.facebook.com\/IteraBusinessProcess","article_modified_time":"2025-09-30T20:11:49+00:00","twitter_card":"summary_large_image","twitter_misc":{"Est. reading time":"1 minute"},"schema":{"@context":"https:\/\/schema.org","@graph":[{"@type":"WebPage","@id":"https:\/\/iteraprocess.com\/preguntas-frecuentes-it-training\/","url":"https:\/\/iteraprocess.com\/preguntas-frecuentes-it-training\/","name":"Enterprise Technology Training FAQs | Itera Process - Itera Process","isPartOf":{"@id":"https:\/\/iteraprocess.com\/#website"},"datePublished":"2025-09-19T00:30:28+00:00","dateModified":"2025-09-30T20:11:49+00:00","description":"Looking to empower your team for a successful digital transformation? Check out our FAQs on hands-on training, technology adoption, and endorsed programs.","breadcrumb":{"@id":"https:\/\/iteraprocess.com\/preguntas-frecuentes-it-training\/#breadcrumb"},"inLanguage":"en-US","potentialAction":[{"@type":"ReadAction","target":["https:\/\/iteraprocess.com\/preguntas-frecuentes-it-training\/"]}]},{"@type":"BreadcrumbList","@id":"https:\/\/iteraprocess.com\/preguntas-frecuentes-it-training\/#breadcrumb","itemListElement":[{"@type":"ListItem","position":1,"name":"Portada","item":"https:\/\/iteraprocess.com\/en\/home\/"},{"@type":"ListItem","position":2,"name":"Enterprise Technology Training FAQs | Itera Process"}]},{"@type":"WebSite","@id":"https:\/\/iteraprocess.com\/#website","url":"https:\/\/iteraprocess.com\/","name":"Itera Process","description":"","publisher":{"@id":"https:\/\/iteraprocess.com\/#organization"},"potentialAction":[{"@type":"SearchAction","target":{"@type":"EntryPoint","urlTemplate":"https:\/\/iteraprocess.com\/?s={search_term_string}"},"query-input":{"@type":"PropertyValueSpecification","valueRequired":true,"valueName":"search_term_string"}}],"inLanguage":"en-US"},{"@type":"Organization","@id":"https:\/\/iteraprocess.com\/#organization","name":"Itera Process","alternateName":"IT ERA","url":"https:\/\/iteraprocess.com\/","logo":{"@type":"ImageObject","inLanguage":"en-US","@id":"https:\/\/iteraprocess.com\/#\/schema\/logo\/image\/","url":"https:\/\/iteraprocess.com\/wp-content\/uploads\/2026\/03\/2.png","contentUrl":"https:\/\/iteraprocess.com\/wp-content\/uploads\/2026\/03\/2.png","width":1200,"height":1200,"caption":"Itera Process"},"image":{"@id":"https:\/\/iteraprocess.com\/#\/schema\/logo\/image\/"},"sameAs":["https:\/\/www.facebook.com\/IteraBusinessProcess","https:\/\/www.linkedin.com\/company\/itera-process"],"description":"Somos especialistas en proyectos complejos de Cloud, Workflow Automation, AI y Data. Aceleramos la transformaci\u00f3n digital de las empresas con un enfoque estrat\u00e9gico, \u00e1gil y centrado en resultados.","email":"info.mx.df@iteraprocess.com","telephone":"52553300 0650","legalName":"IT ERA SA de CV","foundingDate":"2001-01-30","vatID":"ESB85261071","numberOfEmployees":{"@type":"QuantitativeValue","minValue":"201","maxValue":"500"}}]}},"_links":{"self":[{"href":"https:\/\/iteraprocess.com\/en\/wp-json\/wp\/v2\/pages\/28590","targetHints":{"allow":["GET"]}}],"collection":[{"href":"https:\/\/iteraprocess.com\/en\/wp-json\/wp\/v2\/pages"}],"about":[{"href":"https:\/\/iteraprocess.com\/en\/wp-json\/wp\/v2\/types\/page"}],"author":[{"embeddable":true,"href":"https:\/\/iteraprocess.com\/en\/wp-json\/wp\/v2\/users\/4"}],"replies":[{"embeddable":true,"href":"https:\/\/iteraprocess.com\/en\/wp-json\/wp\/v2\/comments?post=28590"}],"version-history":[{"count":0,"href":"https:\/\/iteraprocess.com\/en\/wp-json\/wp\/v2\/pages\/28590\/revisions"}],"wp:attachment":[{"href":"https:\/\/iteraprocess.com\/en\/wp-json\/wp\/v2\/media?parent=28590"}],"wp:term":[{"taxonomy":"category","embeddable":true,"href":"https:\/\/iteraprocess.com\/en\/wp-json\/wp\/v2\/categories?post=28590"},{"taxonomy":"post_tag","embeddable":true,"href":"https:\/\/iteraprocess.com\/en\/wp-json\/wp\/v2\/tags?post=28590"}],"curies":[{"name":"wp","href":"https:\/\/api.w.org\/{rel}","templated":true}]}}