{"id":23028,"date":"2025-01-16T08:46:14","date_gmt":"2025-01-16T13:46:14","guid":{"rendered":"https:\/\/iteraprocess.com\/aviso-de-privacidad\/"},"modified":"2025-02-07T17:00:30","modified_gmt":"2025-02-07T22:00:30","slug":"aviso-de-privacidad","status":"publish","type":"page","link":"https:\/\/iteraprocess.com\/es_la\/aviso-de-privacidad\/","title":{"rendered":"Aviso de Privacidad"},"content":{"rendered":"\t\t<div data-elementor-type=\"wp-page\" data-elementor-id=\"23028\" class=\"elementor elementor-23028 elementor-16979\" data-elementor-post-type=\"page\">\n\t\t\t\t<div class=\"elementor-element elementor-element-2ed55b1 e-con-full e-flex e-con e-parent\" data-id=\"2ed55b1\" data-element_type=\"container\">\n\t\t<div class=\"elementor-element elementor-element-a26edd3 e-con-full e-flex e-con e-child\" data-id=\"a26edd3\" data-element_type=\"container\" data-settings=\"{&quot;background_background&quot;:&quot;classic&quot;}\">\n\t\t\t\t<div class=\"elementor-element elementor-element-cb4026f elementor-widget elementor-widget-text-editor\" data-id=\"cb4026f\" data-element_type=\"widget\" data-widget_type=\"text-editor.default\">\n\t\t\t\t<div class=\"elementor-widget-container\">\n\t\t\t\t\t\t\t\t\t<h1 class=\"header_title\"><span class=\"title_a\">Aviso de<\/span><span class=\"title_b\">Privacidad<\/span><\/h1>\n\t\t\t\t\t\t\t\t<\/div>\n\t\t\t\t<\/div>\n\t\t<div class=\"elementor-element elementor-element-a848eb8 e-con-full custom-breadcrumbs-content e-flex e-con e-child\" data-id=\"a848eb8\" data-element_type=\"container\" data-settings=\"{&quot;background_background&quot;:&quot;classic&quot;,&quot;position&quot;:&quot;absolute&quot;}\">\n\t\t\t\t<div class=\"elementor-element elementor-element-801d35c elementor-widget__width-auto custom-breadcrumbs elementor-widget elementor-widget-text-editor\" data-id=\"801d35c\" data-element_type=\"widget\" data-widget_type=\"text-editor.default\">\n\t\t\t\t<div class=\"elementor-widget-container\">\n\t\t\t\t\t\t\t\t\t<ul>\n<li><a href=\"\/\">Home<\/a><\/li>\n<li>Aviso de Privacidad<\/li>\n<\/ul>\n\t\t\t\t\t\t\t\t<\/div>\n\t\t\t\t<\/div>\n\t\t\t\t<\/div>\n\t\t\t\t<\/div>\n\t\t\t\t<\/div>\n\t\t<div class=\"elementor-element elementor-element-35c4b27 e-flex e-con-boxed e-con e-parent\" data-id=\"35c4b27\" data-element_type=\"container\">\n\t\t\t\t\t<div class=\"e-con-inner\">\n\t\t\t\t<div class=\"elementor-element elementor-element-f395389 elementor-widget__width-initial elementor-widget elementor-widget-text-editor\" data-id=\"f395389\" data-element_type=\"widget\" data-widget_type=\"text-editor.default\">\n\t\t\t\t<div class=\"elementor-widget-container\">\n\t\t\t\t\t\t\t\t\t<div style=\"font-family: poppins; text-align: justify;\">\n<p><b>IT ERA<\/b>, S.A. DE C.V. con domicilio para o\u00edr y recibir notificaciones en Jos\u00e9 Luis Lagrange No. 103, Piso 3-A1, Col. Los Morales Polanco C.P. 11510, en cumplimiento de lo establecido en la Ley Federal de Protecci\u00f3n de Datos Personales en Posesi\u00f3n de los Particulares y su Reglamento, con la finalidad de garantizar la privacidad y el tratamiento leg\u00edtimo e informado de sus Datos Personales, pone a su disposici\u00f3n el siguiente Aviso de Privacidad:<\/p>\n<p style=\"font-size: 30px; color: #00607b; font-weight: bold; margin: 0;\">1. Consentimiento del Titular<\/p>\n<p>Para efectos de lo dispuesto en la Ley Federal de Protecci\u00f3n de Datos Personales en Posesi\u00f3n de los Particulares (la LFPDP) y dem\u00e1s legislaci\u00f3n aplicable, el Titular manifiesta (i) que el presente Aviso le ha sido dado a conocer por el Responsable, (ii) haber le\u00eddo, entendido y acordado los t\u00e9rminos expuestos en este Aviso, por lo que otorga su consentimiento respecto del tratamiento de sus datos personales, se llevar\u00e1n a cabo actos que constituyen el consentimiento expreso del Titular y (iii) que otorga su consentimiento para que <b>IT ERA<\/b> o sus Encargados realicen transferencias y\/o remisiones de datos personales en t\u00e9rminos del apartado denominado \u201cTransferencias\u201d del presente Aviso.<\/p>\n<p style=\"font-size: 30px; color: #00607b; font-weight: bold; margin: 0;\">2. Finalidades<\/p>\n<p>El Tratamiento de los Datos Personales, tiene como finalidad primordial:<\/p>\n<ul class=\"list_default\" style=\"padding-left: 50px !important; list-style: upper-alpha;\">\n<li>Proveer los servicios y productos requeridos<\/li>\n<li>Informar sobre nuevos productos o servicios que est\u00e9n relacionados con lo contratado o adquirido por el Cliente<\/li>\n<li>Dar cumplimiento a las obligaciones contra\u00eddas con nuestros clientes<\/li>\n<li>Informar sobre los cambios de nuestros productos o servicios, evaluar la calidad del servicio, y publicidad en general, ofrecidos por o relacionados con <b>IT ERA<\/b>.<\/li>\n<\/ul>\n<p style=\"font-size: 30px; color: #00607b; font-weight: bold; margin: 0;\">3. Datos personales que se recaban<\/p>\n<p>El concepto \u201cDatos Personales\u201d en el presente Aviso se refiere a toda aquella informaci\u00f3n de car\u00e1cter personal que pueda ser usada para identificarlo a Usted, los cuales ser\u00e1n los siguientes:<\/p>\n<ul class=\"list_default\" style=\"padding-left: 50px !important; list-style: disc;\">\n<li>Nombre completo<\/li>\n<li>Edad<\/li>\n<li>Fecha de nacimiento<\/li>\n<li>Domicilio<\/li>\n<li>Nacionalidad<\/li>\n<li>Correo electr\u00f3nico<\/li>\n<li>Tel\u00e9fono particular, de oficina o laboral, celular<\/li>\n<li>Empresa donde labora<\/li>\n<\/ul>\n<p><b>IT ERA<\/b> le informa que, en caso de recabar datos financieros y patrimoniales, como lo son los Datos de la Tarjeta de Cr\u00e9dito no requieren consentimiento expreso para ser utilizados. Lo anterior, de conformidad con los art\u00edculos 8, 10 y 37 de la Ley.<\/p>\n<p style=\"font-size: 30px; color: #00607b; font-weight: bold; margin: 0;\">4. Transferencias<\/p>\n<p><b>IT ERA<\/b> podr\u00e1 transferir sus Datos Personales a terceros relacionados comercial o contractualmente con <b>IT ERA<\/b>, siempre y cuando sea necesario para cumplir con las finalidades descritas en el presente aviso de privacidad. <b>IT ERA<\/b> podr\u00e1 tambi\u00e9n transferir sus Datos Personales en los casos espec\u00edficos previstos por la ley.<\/p>\n<p>Por lo anterior <b>IT ERA<\/b> podr\u00e1 transferir sus Datos Personales a las siguientes entidades:<\/p>\n<ul class=\"list_default\" style=\"padding-left: 50px !important; list-style: decimal;\">\n<li>Las empresas afiliadas y subsidiarias de <b>IT ERA<\/b> nacionales e internacionales.<\/li>\n<li>Terceros proveedores de servicios para el cumplimiento de las obligaciones legales adquiridas por <b>IT ERA<\/b>.<\/li>\n<li>Socios comerciales con los que <b>IT ERA<\/b>, lleve a cabo convenios o contratos enfocados al desarrollo de nuevos productos y\/o servicios.<\/li>\n<li>Terceros que soliciten referencias laborales de los ex-empleados <b>IT ERA<\/b>.<\/li>\n<li>Terceros derivado de una reestructura corporativa, incluyendo, la fusi\u00f3n, consolidaci\u00f3n, venta, liquidaci\u00f3n o transferencia de activos.<\/li>\n<li>Otras transmisiones previstas en la Ley citada y su Reglamento.<\/li>\n<\/ul>\n<p>Los terceros y las entidades receptoras de Datos Personales, asumen las mismas obligaciones y\/o responsabilidades de <b>IT ERA<\/b>, de conformidad con lo descrito en el presente Aviso de Privacidad. <b>IT ERA<\/b> se asegurar\u00e1 de que dichos terceros mantengan Medidas de seguridad administrativas, t\u00e9cnicas y f\u00edsicas adecuadas para resguardar sus Datos Personales, as\u00ed como que dichos terceros utilicen sus Datos Personales \u00fanica y exclusivamente para las finalidades para las cuales fueron contratados y de conformidad con el presente Aviso de Privacidad y con la Ley.<\/p>\n<p style=\"font-size: 30px; color: #00607b; font-weight: bold; margin: 0;\">5. Derechos ARCO<\/p>\n<p><b>IT ERA<\/b> le informa al Titular de los Datos Personales que podr\u00e1 ejercer en cualquier momento los Derechos de Acceso, Rectificaci\u00f3n, Cancelaci\u00f3n y\/u Oposici\u00f3n (ARCO) al tratamiento de sus Datos Personales, as\u00ed como revocar su consentimiento, a trav\u00e9s de la presentaci\u00f3n de una solicitud por escrito en el domicilio de <b>IT ERA<\/b>, o bien a trav\u00e9s del correo electr\u00f3nico: <a href=\"mailto:privacidad@iteraprocess.com\">privacidad@iteraprocess.com<\/a><\/p>\n<p>Para facilitar el acceso a los derechos ARCO, se describen a continuaci\u00f3n:<\/p>\n<ul class=\"list_default\" style=\"padding-left: 50px !important; list-style: decimal;\">\n<li>Acceso: usted podr\u00e1 solicitar se le informe qu\u00e9 tipo de Datos Personales est\u00e1n siendo tratados por <b>IT ERA<\/b>.<\/li>\n<li>Rectificaci\u00f3n: usted puede solicitar se corrija o complete los Datos Personales que sean incorrectos o est\u00e9n incompletos y que est\u00e9n en poder de <b>IT ERA<\/b>. Usted, como Titular de sus Datos Personales, tendr\u00e1 la responsabilidad de informar a <b>IT ERA<\/b> cuando deba hacerse un cambio o correcci\u00f3n en sus Datos Personales.<\/li>\n<li>Cancelaci\u00f3n: usted puede solicitar que se cancelen los Datos Personales, lo puede hacer personalmente o por conducto de su representante legal, debidamente acreditado. Existen casos en que los Datos Personales no pueden ser cancelados por disposici\u00f3n de ley.<\/li>\n<li>Oposici\u00f3n: usted puede oponerse al uso que le est\u00e9 dando a sus Datos Personales, lo puede hacer personalmente o por conducto de su representante legal, debidamente acreditado.<\/li>\n<\/ul>\n<p>La solicitud para ejercer sus derechos ARCO deber\u00e1 contener los siguientes datos:<\/p>\n<ul class=\"list_default\" style=\"padding-left: 50px !important; list-style: decimal;\">\n<li>El nombre completo del Titular de los Datos Personales.<\/li>\n<li>El domicilio y otro medio para comunicarle la respuesta a su solicitud;<\/li>\n<li>Los documentos vigentes que acrediten su identidad (copia simple en formato impreso o electr\u00f3nico de su credencial de elector, pasaporte o Visa) o, en su caso, la representaci\u00f3n legal del Titular (copia simple en formato impreso o electr\u00f3nico de la carta poder simple con firma aut\u00f3grafa del Titular, el mandatario y sus correspondientes identificaciones oficiales vigentes \u2013 credencial de elector, pasaporte o Visa);<\/li>\n<li>La descripci\u00f3n clara y precisa de los datos respecto de los que busca ejercer alguno de los Derechos ARCO, y<\/li>\n<li>Cualquier otro elemento o documento que facilite la localizaci\u00f3n de los Datos Personales.<\/li>\n<\/ul>\n<p>En el caso de las solicitudes de rectificaci\u00f3n de datos personales, el Titular deber\u00e1 tambi\u00e9n indicar las modificaciones a realizarse y aportar la documentaci\u00f3n que sustente su petici\u00f3n.<\/p>\n<p>Para dar cumplimiento a la obligaci\u00f3n de acceso a sus datos personales, se har\u00e1 previa acreditaci\u00f3n de la identidad del Titular o personalidad del representante; poniendo la informaci\u00f3n a disposici\u00f3n en sitio en el domicilio del Responsable. Se podr\u00e1 acordar otro medio entre el Titular y el Responsable siempre que la informaci\u00f3n solicitada as\u00ed lo permita.<\/p>\n<p>Para el ejercicio de cualquiera de los derechos ARCO, as\u00ed como solicitar los formatos que apliquen, el Titular podr\u00e1 enviar la solicitud respectiva a la direcci\u00f3n de correo electr\u00f3nico <a href=\"mailto:privacidad@iteraprocess.com\">privacidad@iteraprocess.com<\/a>, o por escrito a la siguiente direcci\u00f3n: Jos\u00e9 Luis Lagrange No. 103, Piso 3-A1, Colonia los Morales Polanco, Delegaci\u00f3n Miguel Hidalgo C.P. 11510. El Titular describir\u00e1 los Datos Personales a que se refiere y el Derecho que busca ejercer.<\/p>\n<p>En caso de que la informaci\u00f3n proporcionada en su solicitud sea err\u00f3nea o insuficiente, o bien, no se acompa\u00f1en los documentos de acreditaci\u00f3n correspondientes, podremos solicitarle, dentro de los cinco d\u00edas h\u00e1biles siguientes a la recepci\u00f3n de la solicitud, que aporte los elementos o documentos necesarios para dar tr\u00e1mite a la misma. El Titular contar\u00e1 con diez d\u00edas h\u00e1biles para atender el requerimiento, contados a partir del d\u00eda siguiente en que lo haya recibido.<\/p>\n<p>De no dar respuesta en dicho plazo, se tendr\u00e1 por no presentada la solicitud correspondiente.<\/p>\n<p><b>IT ERA<\/b> responder\u00e1 al Titular en un plazo m\u00e1ximo de veinte d\u00edas h\u00e1biles, contados desde la fecha en que se recibi\u00f3 la solicitud a efecto de que, si resulta procedente, haga efectiva la misma dentro de los quince d\u00edas h\u00e1biles siguientes a que se comunique la respuesta. En todos los casos, la respuesta se dar\u00e1 por la misma v\u00eda por la que haya presentado su solicitud o en su caso por cualquier otro medio acordado con el Titular. Los plazos antes referidos podr\u00e1n ser ampliados en t\u00e9rminos de la LFPDP.<\/p>\n<p style=\"font-size: 30px; color: #00607b; font-weight: bold; margin: 0;\">6. Limitaci\u00f3n de uso y divulgaci\u00f3n de informaci\u00f3n<\/p>\n<p>El Responsable y\/o sus Encargados conservar\u00e1n los datos personales del Titular durante el tiempo que sea necesario para procesar sus solicitudes de informaci\u00f3n, productos y\/o servicios, as\u00ed como para mantener los registros contables, financieros y de auditoria en t\u00e9rminos de la LFPDP y de la legislaci\u00f3n mercantil, fiscal y administrativa vigente.<\/p>\n<p>Los datos personales recolectados se encontrar\u00e1n protegidos por medidas de seguridad administrativas, t\u00e9cnicas y f\u00edsicas adecuadas contra el da\u00f1o, p\u00e9rdida, alteraci\u00f3n, destrucci\u00f3n o uso, acceso o tratamiento no autorizados, de conformidad con lo dispuesto en la LFPDP y la dem\u00e1s legislaci\u00f3n aplicable. No obstante lo se\u00f1alado anteriormente, <b>IT ERA<\/b> no garantiza que terceros no autorizados no puedan tener acceso a los sistemas f\u00edsicos o l\u00f3gicos de los Titulares o del Responsable o en los documentos electr\u00f3nicos y archivos almacenados en sus sistemas. En consecuencia, <b>IT ERA<\/b> no ser\u00e1 en ning\u00fan caso responsable de los da\u00f1os y perjuicios que pudieran derivarse de dicho acceso no autorizado.<\/p>\n<p>Asimismo, Usted puede limitar el uso o divulgaci\u00f3n de sus Datos Personales de conformidad con lo siguiente:<\/p>\n<ul class=\"list_default\" style=\"padding-left: 50px !important; list-style: disc;\">\n<li>Inscribirse en el Registro P\u00fablico para evitar Publicidad de la Procuradur\u00eda Federal del Consumidor. Para mayor informaci\u00f3n respecto de esta opci\u00f3n, usted puede ponerse en contacto directamente con la PROFECO ingresando a la siguiente liga: <a href=\"http:\/\/rpc.profeco.gob.mx\">http:\/\/rpc.profeco.gob.mx<\/a> o llamando desde M\u00e9xico, Guadalajara y Monterrey al 96 28 00 00 y desde el resto de la Rep\u00fablica Mexicana al 01 800 962 8000.<\/li>\n<li>Tambi\u00e9n puede realizar su inscripci\u00f3n en el siguiente v\u00ednculo, en el apartado: \u201cconsumidores \u2013 registra tu n\u00famero telef\u00f3nico\u201d ingresando los datos solicitados.<\/li>\n<li>Solicitar a <b>IT ERA<\/b>, su inscripci\u00f3n al \u201cListado de Exclusi\u00f3n\u201d, con el objeto de no recibir informaci\u00f3n de nuestros productos y servicios.<\/li>\n<\/ul>\n<p style=\"font-size: 30px; color: #00607b; font-weight: bold; margin: 0;\">7. Modificaciones al Aviso de Privacidad<\/p>\n<p><b>IT ERA<\/b> se reserva el derecho de modificar el presente Aviso de Privacidad como estime conveniente. Por lo que es importante que usted revise peri\u00f3dicamente si se ha subido a la p\u00e1gina la versi\u00f3n actualizada del Aviso de Privacidad y verificar si tiene alg\u00fan cambio relevante, el cual estar\u00e1 a su disposici\u00f3n el sitio web <a href=\"http:\/\/www.iteraprocess.com\">www.iteraprocess.com<\/a>.<\/p>\n<p>Por lo cual <b>IT ERA<\/b> no es responsable de las modificaciones que usted desconozca con motivo de la no revisi\u00f3n peri\u00f3dica del mismo.<\/p>\n<p><b>IT ERA<\/b> reconoce que es posible que el sitio <a href=\"http:\/\/www.iteraprocess.com\">www.iteraprocess.com<\/a> presente fallas, por lo que en caso de presentarse alguna en este sitio, deber\u00e1 enviar un correo electr\u00f3nico a la siguiente direcci\u00f3n: <a href=\"mailto:privacidad@iteraprocess.com\">privacidad@iteraprocess.com<\/a><\/p>\n<p style=\"font-size: 30px; color: #00607b; font-weight: bold; margin: 0;\">8. Denuncias<\/p>\n<p>Si el Titular considera que su Derecho a la Protecci\u00f3n de Datos Personales ha sido objeto de un tratamiento indebido o contrario a las disposiciones de la Ley Federal de Protecci\u00f3n de Datos Personales en Posesi\u00f3n de los Particulares y su Reglamento, podr\u00e1 interponer una denuncia o queja ante el Instituto Nacional de Transparencia, Acceso a la Informaci\u00f3n y Protecci\u00f3n de Datos Personales (INAI), para mayor informaci\u00f3n:<\/p>\n<ul class=\"list_default\" style=\"padding-left: 50px !important; list-style: upper-alpha;\">\n<li>Comun\u00edquese al servicio telef\u00f3nico gratuito Tel INAI 01 800 835 43 24. El horario de atenci\u00f3n es de 09:00 a 18:00 horas, de lunes a jueves y el viernes de 09:00 a 15:00 horas del centro del pa\u00eds;<\/li>\n<li>Tambi\u00e9n puede acudir al domicilio ubicado en Insurgentes Sur No. 3211 Col. Insurgentes Cuicuilco, Delegaci\u00f3n Coyoac\u00e1n, C.P. 04530; o<\/li>\n<li>Visite el siguiente link: <a href=\"https:\/\/home.inai.org.mx\/\">https:\/\/home.inai.org.mx\/<\/a><\/li>\n<\/ul>\n<p style=\"font-style: italic;\"><b>\u00daltima actualizaci\u00f3n del presente aviso julio 2018.<\/b><\/p>\n<\/div>\n\t\t\t\t\t\t\t\t<\/div>\n\t\t\t\t<\/div>\n\t\t\t\t\t<\/div>\n\t\t\t\t<\/div>\n\t\t\t\t<\/div>\n\t\t","protected":false},"excerpt":{"rendered":"<p>Aviso dePrivacidad Home Aviso de Privacidad IT ERA, S.A. DE C.V. con domicilio para o\u00edr y recibir notificaciones en Jos\u00e9 Luis Lagrange No. 103, Piso 3-A1, Col. Los Morales Polanco C.P. 11510, en cumplimiento de lo establecido en la Ley Federal&#8230;<\/p>\n","protected":false},"author":1,"featured_media":0,"parent":0,"menu_order":0,"comment_status":"closed","ping_status":"closed","template":"elementor_header_footer","meta":{"inline_featured_image":false,"_joinchat":[],"footnotes":""},"categories":[],"tags":[],"class_list":["post-23028","page","type-page","status-publish","hentry"],"yoast_head":"<!-- This site is optimized with the Yoast SEO Premium plugin v27.2 (Yoast SEO v27.2) - https:\/\/yoast.com\/product\/yoast-seo-premium-wordpress\/ -->\n<title>Aviso de Privacidad - Itera Process<\/title>\n<meta name=\"robots\" content=\"index, follow, max-snippet:-1, max-image-preview:large, max-video-preview:-1\" \/>\n<link rel=\"canonical\" href=\"https:\/\/iteraprocess.com\/politica-privacidad\/\" \/>\n<meta property=\"og:locale\" content=\"es_LA\" \/>\n<meta property=\"og:type\" content=\"article\" \/>\n<meta property=\"og:title\" content=\"Aviso de Privacidad\" \/>\n<meta property=\"og:description\" content=\"Aviso dePrivacidad Home Aviso de Privacidad IT ERA, S.A. DE C.V. con domicilio para o\u00edr y recibir notificaciones en Jos\u00e9 Luis Lagrange No. 103, Piso 3-A1, Col. Los Morales Polanco C.P. 11510, en cumplimiento de lo establecido en la Ley Federal...\" \/>\n<meta property=\"og:url\" content=\"https:\/\/iteraprocess.com\/politica-privacidad\/\" \/>\n<meta property=\"og:site_name\" content=\"Itera Process\" \/>\n<meta property=\"article:publisher\" content=\"https:\/\/www.facebook.com\/IteraBusinessProcess\" \/>\n<meta property=\"article:modified_time\" content=\"2025-02-07T22:00:30+00:00\" \/>\n<meta name=\"twitter:card\" content=\"summary_large_image\" \/>\n<meta name=\"twitter:label1\" content=\"Est. reading time\" \/>\n\t<meta name=\"twitter:data1\" content=\"10 minutes\" \/>\n<script type=\"application\/ld+json\" class=\"yoast-schema-graph\">{\"@context\":\"https:\/\/schema.org\",\"@graph\":[{\"@type\":\"WebPage\",\"@id\":\"https:\/\/iteraprocess.com\/politica-privacidad\/\",\"url\":\"https:\/\/iteraprocess.com\/politica-privacidad\/\",\"name\":\"Aviso de Privacidad - Itera Process\",\"isPartOf\":{\"@id\":\"https:\/\/iteraprocess.com\/#website\"},\"datePublished\":\"2025-01-16T13:46:14+00:00\",\"dateModified\":\"2025-02-07T22:00:30+00:00\",\"breadcrumb\":{\"@id\":\"https:\/\/iteraprocess.com\/politica-privacidad\/#breadcrumb\"},\"inLanguage\":\"es-LA\",\"potentialAction\":[{\"@type\":\"ReadAction\",\"target\":[\"https:\/\/iteraprocess.com\/politica-privacidad\/\"]}]},{\"@type\":\"BreadcrumbList\",\"@id\":\"https:\/\/iteraprocess.com\/politica-privacidad\/#breadcrumb\",\"itemListElement\":[{\"@type\":\"ListItem\",\"position\":1,\"name\":\"Portada\",\"item\":\"https:\/\/iteraprocess.com\/\"},{\"@type\":\"ListItem\",\"position\":2,\"name\":\"Aviso de Privacidad\"}]},{\"@type\":\"WebSite\",\"@id\":\"https:\/\/iteraprocess.com\/#website\",\"url\":\"https:\/\/iteraprocess.com\/\",\"name\":\"Itera Process\",\"description\":\"\",\"publisher\":{\"@id\":\"https:\/\/iteraprocess.com\/#organization\"},\"potentialAction\":[{\"@type\":\"SearchAction\",\"target\":{\"@type\":\"EntryPoint\",\"urlTemplate\":\"https:\/\/iteraprocess.com\/?s={search_term_string}\"},\"query-input\":{\"@type\":\"PropertyValueSpecification\",\"valueRequired\":true,\"valueName\":\"search_term_string\"}}],\"inLanguage\":\"es-LA\"},{\"@type\":\"Organization\",\"@id\":\"https:\/\/iteraprocess.com\/#organization\",\"name\":\"Itera Process\",\"alternateName\":\"IT ERA\",\"url\":\"https:\/\/iteraprocess.com\/\",\"logo\":{\"@type\":\"ImageObject\",\"inLanguage\":\"es-LA\",\"@id\":\"https:\/\/iteraprocess.com\/#\/schema\/logo\/image\/\",\"url\":\"https:\/\/iteraprocess.com\/wp-content\/uploads\/2026\/03\/2.png\",\"contentUrl\":\"https:\/\/iteraprocess.com\/wp-content\/uploads\/2026\/03\/2.png\",\"width\":1200,\"height\":1200,\"caption\":\"Itera Process\"},\"image\":{\"@id\":\"https:\/\/iteraprocess.com\/#\/schema\/logo\/image\/\"},\"sameAs\":[\"https:\/\/www.facebook.com\/IteraBusinessProcess\",\"https:\/\/www.linkedin.com\/company\/itera-process\"],\"description\":\"Somos especialistas en proyectos complejos de Cloud, Workflow Automation, AI y Data. Aceleramos la transformaci\u00f3n digital de las empresas con un enfoque estrat\u00e9gico, \u00e1gil y centrado en resultados.\",\"email\":\"info.mx.df@iteraprocess.com\",\"telephone\":\"52553300 0650\",\"legalName\":\"IT ERA SA de CV\",\"foundingDate\":\"2001-01-30\",\"vatID\":\"ESB85261071\",\"numberOfEmployees\":{\"@type\":\"QuantitativeValue\",\"minValue\":\"201\",\"maxValue\":\"500\"}}]}<\/script>\n<!-- \/ Yoast SEO Premium plugin. -->","yoast_head_json":{"title":"Aviso de Privacidad - Itera Process","robots":{"index":"index","follow":"follow","max-snippet":"max-snippet:-1","max-image-preview":"max-image-preview:large","max-video-preview":"max-video-preview:-1"},"canonical":"https:\/\/iteraprocess.com\/politica-privacidad\/","og_locale":"es_LA","og_type":"article","og_title":"Aviso de Privacidad","og_description":"Aviso dePrivacidad Home Aviso de Privacidad IT ERA, S.A. DE C.V. con domicilio para o\u00edr y recibir notificaciones en Jos\u00e9 Luis Lagrange No. 103, Piso 3-A1, Col. Los Morales Polanco C.P. 11510, en cumplimiento de lo establecido en la Ley Federal...","og_url":"https:\/\/iteraprocess.com\/politica-privacidad\/","og_site_name":"Itera Process","article_publisher":"https:\/\/www.facebook.com\/IteraBusinessProcess","article_modified_time":"2025-02-07T22:00:30+00:00","twitter_card":"summary_large_image","twitter_misc":{"Est. reading time":"10 minutes"},"schema":{"@context":"https:\/\/schema.org","@graph":[{"@type":"WebPage","@id":"https:\/\/iteraprocess.com\/politica-privacidad\/","url":"https:\/\/iteraprocess.com\/politica-privacidad\/","name":"Aviso de Privacidad - Itera Process","isPartOf":{"@id":"https:\/\/iteraprocess.com\/#website"},"datePublished":"2025-01-16T13:46:14+00:00","dateModified":"2025-02-07T22:00:30+00:00","breadcrumb":{"@id":"https:\/\/iteraprocess.com\/politica-privacidad\/#breadcrumb"},"inLanguage":"es-LA","potentialAction":[{"@type":"ReadAction","target":["https:\/\/iteraprocess.com\/politica-privacidad\/"]}]},{"@type":"BreadcrumbList","@id":"https:\/\/iteraprocess.com\/politica-privacidad\/#breadcrumb","itemListElement":[{"@type":"ListItem","position":1,"name":"Portada","item":"https:\/\/iteraprocess.com\/"},{"@type":"ListItem","position":2,"name":"Aviso de Privacidad"}]},{"@type":"WebSite","@id":"https:\/\/iteraprocess.com\/#website","url":"https:\/\/iteraprocess.com\/","name":"Itera Process","description":"","publisher":{"@id":"https:\/\/iteraprocess.com\/#organization"},"potentialAction":[{"@type":"SearchAction","target":{"@type":"EntryPoint","urlTemplate":"https:\/\/iteraprocess.com\/?s={search_term_string}"},"query-input":{"@type":"PropertyValueSpecification","valueRequired":true,"valueName":"search_term_string"}}],"inLanguage":"es-LA"},{"@type":"Organization","@id":"https:\/\/iteraprocess.com\/#organization","name":"Itera Process","alternateName":"IT ERA","url":"https:\/\/iteraprocess.com\/","logo":{"@type":"ImageObject","inLanguage":"es-LA","@id":"https:\/\/iteraprocess.com\/#\/schema\/logo\/image\/","url":"https:\/\/iteraprocess.com\/wp-content\/uploads\/2026\/03\/2.png","contentUrl":"https:\/\/iteraprocess.com\/wp-content\/uploads\/2026\/03\/2.png","width":1200,"height":1200,"caption":"Itera Process"},"image":{"@id":"https:\/\/iteraprocess.com\/#\/schema\/logo\/image\/"},"sameAs":["https:\/\/www.facebook.com\/IteraBusinessProcess","https:\/\/www.linkedin.com\/company\/itera-process"],"description":"Somos especialistas en proyectos complejos de Cloud, Workflow Automation, AI y Data. Aceleramos la transformaci\u00f3n digital de las empresas con un enfoque estrat\u00e9gico, \u00e1gil y centrado en resultados.","email":"info.mx.df@iteraprocess.com","telephone":"52553300 0650","legalName":"IT ERA SA de CV","foundingDate":"2001-01-30","vatID":"ESB85261071","numberOfEmployees":{"@type":"QuantitativeValue","minValue":"201","maxValue":"500"}}]}},"_links":{"self":[{"href":"https:\/\/iteraprocess.com\/es_la\/wp-json\/wp\/v2\/pages\/23028","targetHints":{"allow":["GET"]}}],"collection":[{"href":"https:\/\/iteraprocess.com\/es_la\/wp-json\/wp\/v2\/pages"}],"about":[{"href":"https:\/\/iteraprocess.com\/es_la\/wp-json\/wp\/v2\/types\/page"}],"author":[{"embeddable":true,"href":"https:\/\/iteraprocess.com\/es_la\/wp-json\/wp\/v2\/users\/1"}],"replies":[{"embeddable":true,"href":"https:\/\/iteraprocess.com\/es_la\/wp-json\/wp\/v2\/comments?post=23028"}],"version-history":[{"count":0,"href":"https:\/\/iteraprocess.com\/es_la\/wp-json\/wp\/v2\/pages\/23028\/revisions"}],"wp:attachment":[{"href":"https:\/\/iteraprocess.com\/es_la\/wp-json\/wp\/v2\/media?parent=23028"}],"wp:term":[{"taxonomy":"category","embeddable":true,"href":"https:\/\/iteraprocess.com\/es_la\/wp-json\/wp\/v2\/categories?post=23028"},{"taxonomy":"post_tag","embeddable":true,"href":"https:\/\/iteraprocess.com\/es_la\/wp-json\/wp\/v2\/tags?post=23028"}],"curies":[{"name":"wp","href":"https:\/\/api.w.org\/{rel}","templated":true}]}}