{"id":23030,"date":"2025-01-11T20:53:58","date_gmt":"2025-01-12T01:53:58","guid":{"rendered":"https:\/\/iteraprocess.com\/aviso-de-privacidad-espana\/"},"modified":"2025-12-03T19:04:23","modified_gmt":"2025-12-04T00:04:23","slug":"aviso-de-privacidad-espana","status":"publish","type":"page","link":"https:\/\/iteraprocess.com\/es_la\/aviso-de-privacidad-espana\/","title":{"rendered":"Aviso de Privacidad Espa\u00f1a"},"content":{"rendered":"\t\t<div data-elementor-type=\"wp-page\" data-elementor-id=\"23030\" class=\"elementor elementor-23030 elementor-14875\" data-elementor-post-type=\"page\">\n\t\t\t\t<div class=\"elementor-element elementor-element-1a4b596 e-con-full e-flex e-con e-parent\" data-id=\"1a4b596\" data-element_type=\"container\">\n\t\t<div class=\"elementor-element elementor-element-d3884b9 e-con-full e-flex e-con e-child\" data-id=\"d3884b9\" data-element_type=\"container\" data-settings=\"{&quot;background_background&quot;:&quot;classic&quot;}\">\n\t\t\t\t<div class=\"elementor-element elementor-element-f9e3925 elementor-widget elementor-widget-text-editor\" data-id=\"f9e3925\" data-element_type=\"widget\" data-widget_type=\"text-editor.default\">\n\t\t\t\t<div class=\"elementor-widget-container\">\n\t\t\t\t\t\t\t\t\t<h1 class=\"header_title\"><span class=\"title_a\">Aviso de Privacidad <\/span><span class=\"title_b\">Espa\u00f1a<\/span><\/h1>\t\t\t\t\t\t\t\t<\/div>\n\t\t\t\t<\/div>\n\t\t<div class=\"elementor-element elementor-element-0473225 e-con-full custom-breadcrumbs-content e-flex e-con e-child\" data-id=\"0473225\" data-element_type=\"container\" data-settings=\"{&quot;background_background&quot;:&quot;classic&quot;,&quot;position&quot;:&quot;absolute&quot;}\">\n\t\t\t\t<div class=\"elementor-element elementor-element-744f971 elementor-widget__width-auto custom-breadcrumbs elementor-widget elementor-widget-text-editor\" data-id=\"744f971\" data-element_type=\"widget\" data-widget_type=\"text-editor.default\">\n\t\t\t\t<div class=\"elementor-widget-container\">\n\t\t\t\t\t\t\t\t\t<ul><li><a href=\"\/\">Home<\/a><\/li><li>Aviso de Privacidad Espa\u00f1a<\/li><\/ul>\t\t\t\t\t\t\t\t<\/div>\n\t\t\t\t<\/div>\n\t\t\t\t<\/div>\n\t\t\t\t<\/div>\n\t\t\t\t<\/div>\n\t\t<div class=\"elementor-element elementor-element-35c4b27 e-flex e-con-boxed e-con e-parent\" data-id=\"35c4b27\" data-element_type=\"container\">\n\t\t\t\t\t<div class=\"e-con-inner\">\n\t\t\t\t<div class=\"elementor-element elementor-element-f395389 elementor-widget__width-initial elementor-widget elementor-widget-text-editor\" data-id=\"f395389\" data-element_type=\"widget\" data-widget_type=\"text-editor.default\">\n\t\t\t\t<div class=\"elementor-widget-container\">\n\t\t\t\t\t\t\t\t\t<div style=\"font-family: poppins; text-align: justify;\"><p style=\"font-size: 30px; color: #00607b; font-weight: bold; margin: 0;\">ITERA PROCESS CONSULTING S.L.<\/p><p>Con domicilio en Parque Tecnol\u00f3gico de Madrid. Calle Santiago Grisol\u00eda N\u00ba2 \/\/ C.P. 28760 Tres Cantos Madrid, Espa\u00f1a y con tel\u00e9fono: (+34) (91) 803 5954, en cumplimiento de la Ley Org\u00e1nica 3\/2018, de Protecci\u00f3n de Datos Personales y garant\u00eda de los derechos digitales (LOPDGDD), <strong> ITERA PROCESS CONSULTING S.L.<\/strong> (a continuaci\u00f3n It Era), nuestra organizaci\u00f3n asume el compromiso de garantizar la debida protecci\u00f3n de la informaci\u00f3n personal, asegurando su uso apropiado, la utilizaci\u00f3n de esta p\u00e1gina web y sus formularios conlleva la aceptaci\u00f3n y otorgamiento del consentimiento para el tratamiento de los datos personales del usuario de acuerdo con la pol\u00edtica de privacidad que se detalla a continuaci\u00f3n, lo cual incluye la recopilaci\u00f3n de datos de acceso y el env\u00edo de informaci\u00f3n comercial por medios electr\u00f3nicos.<\/p><p style=\"font-size: 30px; color: #00607b; font-weight: bold; margin: 0;\">INFORMACI\u00d3N SOBRE RECOPILACI\u00d3N DE DATOS<\/p><p>Tanto en la p\u00e1gina web de It Era, as\u00ed como en formularios, la informaci\u00f3n a recopilar son datos identificativos (no tratamos datos especialmente protegidos y de personas menores de 14 a\u00f1os) y de contacto, como:<\/p><ul class=\"list_default\" style=\"padding-left: 50px !important; list-style: disc;\"><li>Nombre completo.<\/li><li>Edad.<\/li><li>Fecha de nacimiento.<\/li><li>Domicilio<\/li><li>Nacionalidad.<\/li><li>Correo electr\u00f3nico.<\/li><li>Tel\u00e9fono particular, de oficina, m\u00f3vil.<\/li><li>Empresa de trabajo<\/li><\/ul><p style=\"font-size: 30px; color: #00607b; font-weight: bold; margin: 0;\">FINALIDAD<\/p><p>El tratamiento de los datos personales tiene como finalidad:<\/p><ul class=\"list_default\" style=\"padding-left: 50px !important; list-style: disc;\"><li>Proveer los servicios y productos requeridos.<\/li><li>Informar sobre nuevos productos o servicios que est\u00e9n relacionados con lo contratado o adquirido por el cliente, cambios de productos o servicios, evaluar la calidad del servicio y publicidad en general, ofrecidos por o relacionados con It Era.<\/li><li>Gestionar, administrar, supervisar su actividad en el blog\/foro incorporado.<\/li><li>Dar cumplimiento a las obligaciones establecidas con los clientes.<\/li><li>Cumplimiento de obligaciones legales.<\/li><li>Canalizar las solicitudes de informaci\u00f3n, sugerencias y reclamaciones para su gesti\u00f3n y resoluci\u00f3n a trav\u00e9s del buz\u00f3n de quejas, denuncias, encuestas.<\/li><\/ul><p>En cuanto a los candidatos a ofertas de trabajo o postulantes a empleo, el tratamiento de los datos de car\u00e1cter personal facilitado a trav\u00e9s de nuestros formularios web tienen la finalidad de:<\/p><ul class=\"list_default\" style=\"padding-left: 50px !important; list-style: disc;\"><li>Gestionar la candidatura.<\/li><li>Comunicarnos con el postulante para ir informando del estado del proceso de selecci\u00f3n y de la candidatura en el mismo.<\/li><li>Entender el comportamiento del navegante dentro de la web con el fin de detectar posibles ataques inform\u00e1ticos a nuestra web.<\/li><li>Para proteger y ejercer nuestros derechos o responder ante reclamaciones de cualquier \u00edndole<\/li><li>Env\u00edo de comunicaciones relativas a nuevas ofertas de trabajo que realicemos y se adecuen a sus necesidades; siempre y cuando se haya autorizado, previamente, al env\u00edo dicha informaci\u00f3n.<\/li><\/ul><p>Para solicitar el acceso, la rectificaci\u00f3n, supresi\u00f3n o limitaci\u00f3n del tratamiento de los datos personales o a oponerse al tratamiento, en el caso de que se den los requisitos establecidos en el Reglamento General de Protecci\u00f3n de Datos, as\u00ed como en la Ley Org\u00e1nica 3\/2018, de 5 de diciembre, de Protecci\u00f3n de Datos Personal y garant\u00eda de los derechos<br>digitales, puede dirigir un escrito al responsable del tratamiento, en este caso a <a href=\"mailto:rgpd.spain@iteraprocess.com\">rgpd.spain@iteraprocess.com<\/a>, o a la siguiente direcci\u00f3n: Parque Tecnol\u00f3gico de Madrid. Calle Santiago Grisol\u00eda N.\u00ba 2 \/\/ C.P. 28760 Tres Cantos Madrid, Espa\u00f1a<\/p><p style=\"font-size: 30px; color: #00607b; font-weight: bold; margin: 0;\">LEGITIMACI\u00d3N<\/p><p>La base legal establecida para el tratamiento de los datos de car\u00e1cter personal es el consentimiento para:<\/p><ul class=\"list_default\" style=\"padding-left: 50px !important; list-style: disc;\"><li>La tramitaci\u00f3n y gesti\u00f3n de cualquier solicitud de informaci\u00f3n o consulta sobre los servicios profesionales de It Era, inter\u00e9s leg\u00edtimo del responsable del tratamiento.<\/li><li>El cumplimiento de obligaciones legales.<\/li><li>La ejecuci\u00f3n de un contrato o precontrato y\/o relaci\u00f3n comercial.<\/li><\/ul><p style=\"font-size: 30px; color: #00607b; font-weight: bold; margin: 0;\">DESTINATARIOS<\/p><p><b>IT ERA<\/b> podr\u00e1 transferir sus datos personales a terceros relacionados comercial o contractualmente, siempre y cuando<br>sea necesario para cumplir con las finalidades descritas en el presente aviso de privacidad, en los casos espec\u00edficos<br>previstos por la ley o las siguientes entidades:<\/p><ul class=\"list_default\" style=\"padding-left: 50px !important; list-style: disc;\"><li>Empresas afiliadas y subsidiarias de <strong>It Era<\/strong> nacionales e internacionales.<\/li><li>Socios comerciales con los que lleve a cabo convenios o contratos enfocados al desarrollo de nuevos productos y\/o servicios.<\/li><li>Terceros que soliciten referencias laborales de los ex-empleados de <strong>It Era<\/strong> por motivos legalmente establecidos, reestructura corporativa, incluyendo, la fusi\u00f3n, consolidaci\u00f3n, venta, liquidaci\u00f3n o transferencia de activos.<\/li><\/ul><p>Los terceros y las entidades receptoras de datos personales, asumen las mismas obligaciones y\/o responsabilidades de <strong>It Era<\/strong> y tienen acceso a la informaci\u00f3n o los sistemas de la empresa siempre y cuando acepte:<\/p><ul class=\"list_default\" style=\"padding-left: 50px !important; list-style: disc;\"><li>Cumplimiento de la pol\u00edtica de seguridad de la informaci\u00f3n electr\u00f3nica de la empresa y la <span style=\"color: #0000ff;\"><a style=\"color: #0000ff;\" href=\"https:\/\/iteraprocess.com\/es_la\/politica-esquema-nacional-de-seguridad\/\">pol\u00edtica de protecci\u00f3n de datos<\/a> <\/span>de la empresa.<\/li><li>Disposiciones apropiadas para garantizar la seguridad continua de la informaci\u00f3n y los sistemas en el evento de terminaci\u00f3n o transferencia de un contrato a otro proveedor.<\/li><li>Obligaciones de confidencialidad cuando un tercero tiene acceso a la informaci\u00f3n de la empresa.<\/li><li>Rutas de acceso seguro y derechos de acceso necesarios para el mantenimiento en funci\u00f3n del principio de privilegios m\u00ednimo<\/li><li>Auditor\u00eda completa de todas las acciones conforme al proceso de auditor\u00eda.<\/li><\/ul><p>Todas las transferencias de datos personales se efect\u00faan conforme a las normativas de protecci\u00f3n de datos vigentes y bajo la implementaci\u00f3n de medidas de seguridad apropiadas destinadas a salvaguardar la privacidad. Se garantiza que los terceros con los que compartimos datos est\u00e1n plenamente comprometidos con la confidencialidad y seguridad de dicha informaci\u00f3n. <\/p><p>Las transferencias de datos personales se realizan siempre en cumplimiento de las siguientes condiciones:<\/p><ul class=\"list_default\" style=\"padding-left: 50px !important; list-style: disc;\"><li>Transferencias sujetas a salvaguardas apropiadas donde se establezcan medidas de protecci\u00f3n de los datos.<\/li><li>Reglas corporativas vinculantes en las que se haya adherido la empresa cedente y la cesionaria.<\/li><\/ul><p style=\"font-size: 30px; color: #00607b; font-weight: bold; margin: 0;\">PLAZO DE CONSERVACI\u00d3N DE LOS DATOS<\/p><p>Los datos personales ser\u00e1n tratados siempre y cuando se mantenga la vigencia del consentimiento de acuerdo a la legislaci\u00f3n aplicable, una vez finalizada la relaci\u00f3n con el usuario, los datos se mantendr\u00e1n durante 2 a\u00f1os.<\/p><p style=\"font-size: 30px; color: #00607b; font-weight: bold; margin: 0;\">DERECHOS ARCO<\/p><p><b>IT ERA<\/b> le informa al titular de los datos que podr\u00e1 ejercer en cualquier momento los Derechos de:<\/p><ul class=\"list_default\" style=\"padding-left: 50px !important; list-style: disc;\"><li><strong>Acceso:<\/strong> Puede consultar sus datos personales.<\/li><li><strong>Rectificaci\u00f3n:<\/strong> Puede modificar sus datos personales cuando no est\u00e9n completos.<\/li><li><strong>Supresi\u00f3n:<\/strong> Puede solicitar la eliminaci\u00f3n de sus datos, cuando los datos ya no sean necesarios para los fines que fueron recogidos, a trav\u00e9s de la <span style=\"color: #0000ff;\"><a style=\"color: #0000ff;\" href=\"https:\/\/iteraprocess.com\/es_la\/politica-esquema-nacional-de-seguridad\/\">p\u00e1gina web de It Era<\/a>.<\/span><\/li><li>Solicitar la <strong>portabilidad<\/strong> de sus datos, o transmitirlos a otra entidad.<\/li><li><strong>Oposici\u00f3n:<\/strong> Puede solicitar que no se traten sus datos personales. It Era dejar\u00e1 de tratar los datos, salvo por motivos leg\u00edtimos imperiosos, o el ejercicio o la defensa de posibles reclamaciones. <\/li><li><strong>Limitaci\u00f3n:<\/strong> Puede ejercitarse cuando se haya opuesto al tratamiento de sus datos personales, para la satisfacci\u00f3n de un inter\u00e9s leg\u00edtimo justificado, en cuyo caso \u00fanicamente se conservar\u00e1 para el ejercicio o la defensa de reclamaciones.<\/li><\/ul><p>La solicitud para ejercer sus derechos ARCO debe contener los siguientes datos:<\/p><ul class=\"list_default\" style=\"padding-left: 50px !important; list-style: disc;\"><li>El nombre completo, domicilio y un medio para comunicarse con el titular de los datos personales.<\/li><li>Los documentos vigentes que acrediten su identidad (copia simple en formato impreso o electr\u00f3nico de su credencial de elector, pasaporte o DNI) o en su caso, la representaci\u00f3n legal del titular (copia simple impreso o electr\u00f3nico de la carta poder simple con firma aut\u00f3grafa del titular, el mandatario y sus correspondientes identificaciones oficiales vigentes \u2013 credencial de elector, pasaporte o DNI).<\/li><li>Descripci\u00f3n clara de los datos respecto de los que busca ejercer alguno de los derechos y cualquier otro elemento o documento que facilite la localizaci\u00f3n de los datos personales.<\/li><li>Para solicitudes de rectificaci\u00f3n de datos personales, el titular indicar\u00e1 las modificaciones a realizarse y aportar\u00e1 la documentaci\u00f3n que sustente su petici\u00f3n.<\/li><\/ul><p>Para el ejercicio de cualquiera de los derechos ARCO, as\u00ed como solicitar los formatos que apliquen, el titular enviar\u00e1 la solicitud respectiva a la direcci\u00f3n de <a href=\"http:\/\/rgpd.spain@iteraprocess.com.\">rgpd.spain@iteraprocess.com.<\/a><br>En caso de que la informaci\u00f3n proporcionada en su solicitud sea err\u00f3nea o insuficiente, o bien, no se acompa\u00f1en los documentos de acreditaci\u00f3n correspondientes, se solicitar\u00e1 que proporcionen los documentos necesarios para dar tr\u00e1mite a la misma.<\/p><p>El titular contar\u00e1 con diez d\u00edas h\u00e1biles para atender el requerimiento, contados a partir del d\u00eda siguiente en que lo haya recibido. De no dar respuesta en dicho plazo, se tendr\u00e1 por no presentada la solicitud correspondiente. It Era responder\u00e1 al titular en un plazo m\u00e1ximo de 30 d\u00edas naturales, contado desde la fecha en que se recibi\u00f3 la solicitud.<br>En todos los casos, la respuesta se dar\u00e1 por la misma v\u00eda por la que haya presentado su solicitud. Cualquier inconsistencia pueden realizar una reclamaci\u00f3n ante la autoridad de control de protecci\u00f3n de datos.   <\/p><p>En caso de que sienta vulnerados sus derechos en lo concerniente a la protecci\u00f3n de sus datos personales, especialmente cuando no haya obtenido satisfacci\u00f3n en el ejercicio de sus derechos, puede presentar una reclamaci\u00f3n ante la Autoridad de Control en materia de Protecci\u00f3n de Datos competente (Agencia Espa\u00f1ola de Protecci\u00f3n de Datos), a trav\u00e9s de su sitio web: <a href=\"http:\/\/www.agpd.es\">www.agpd.es<\/a>.<\/p><p style=\"font-size: 30px; color: #00607b; font-weight: bold; margin: 0;\">SEGURIDAD DE LA INFORMACI\u00d3N<\/p><p>Se han tomado todas las medidas legalmente requeridas para la protecci\u00f3n de datos personales; asimismo, se ha adoptado todos los dispositivos t\u00e9cnicos a su alcance para evitar la p\u00e9rdida, el mal uso, la alteraci\u00f3n, el acceso o el robo de los datos personales facilitados por los usuarios de la web. El usuario tendr\u00e1 en cuenta, que las medidas de seguridad en Internet no son absolutamente inviolables.  <\/p><p style=\"font-size: 30px; color: #00607b; font-weight: bold; margin: 0;\">LEGISLACI\u00d3N Y JURISDICCI\u00d3N<\/p><p>Estas condiciones de uso se rigen por la legislaci\u00f3n espa\u00f1ola. Los usuarios y la empresa<b> ITERA PROCESS CONSULTING S.L.<\/b> someten todas las interpretaciones o conflictos que pudieran surgir derivados de esta nota legal a los Juzgados y<br>Tribunales de Espa\u00f1a. <\/p><\/div>\t\t\t\t\t\t\t\t<\/div>\n\t\t\t\t<\/div>\n\t\t\t\t\t<\/div>\n\t\t\t\t<\/div>\n\t\t\t\t<\/div>\n\t\t","protected":false},"excerpt":{"rendered":"<p>Aviso de Privacidad Espa\u00f1a Home Aviso de Privacidad Espa\u00f1a ITERA PROCESS CONSULTING S.L. Con domicilio en Parque Tecnol\u00f3gico de Madrid. Calle Santiago Grisol\u00eda N\u00ba2 \/\/ C.P. 28760 Tres Cantos Madrid, Espa\u00f1a y con tel\u00e9fono: (+34) (91) 803 5954, en cumplimiento de&#8230;<\/p>\n","protected":false},"author":1,"featured_media":0,"parent":0,"menu_order":0,"comment_status":"closed","ping_status":"closed","template":"elementor_header_footer","meta":{"inline_featured_image":false,"_joinchat":[],"footnotes":""},"categories":[],"tags":[],"class_list":["post-23030","page","type-page","status-publish","hentry"],"yoast_head":"<!-- This site is optimized with the Yoast SEO Premium plugin v27.2 (Yoast SEO v27.2) - https:\/\/yoast.com\/product\/yoast-seo-premium-wordpress\/ -->\n<title>Aviso de Privacidad Espa\u00f1a - Itera Process<\/title>\n<meta name=\"robots\" content=\"index, follow, max-snippet:-1, max-image-preview:large, max-video-preview:-1\" \/>\n<link rel=\"canonical\" href=\"https:\/\/iteraprocess.com\/es_la\/aviso-de-privacidad-espana\/\" \/>\n<meta property=\"og:locale\" content=\"es_LA\" \/>\n<meta property=\"og:type\" content=\"article\" \/>\n<meta property=\"og:title\" content=\"Aviso de Privacidad Espa\u00f1a\" \/>\n<meta property=\"og:description\" content=\"Aviso de Privacidad Espa\u00f1a Home Aviso de Privacidad Espa\u00f1a ITERA PROCESS CONSULTING S.L. Con domicilio en Parque Tecnol\u00f3gico de Madrid. Calle Santiago Grisol\u00eda N\u00ba2 \/\/ C.P. 28760 Tres Cantos Madrid, Espa\u00f1a y con tel\u00e9fono: (+34) (91) 803 5954, en cumplimiento de...\" \/>\n<meta property=\"og:url\" content=\"https:\/\/iteraprocess.com\/es_la\/aviso-de-privacidad-espana\/\" \/>\n<meta property=\"og:site_name\" content=\"Itera Process\" \/>\n<meta property=\"article:publisher\" content=\"https:\/\/www.facebook.com\/IteraBusinessProcess\" \/>\n<meta property=\"article:modified_time\" content=\"2025-12-04T00:04:23+00:00\" \/>\n<meta name=\"twitter:card\" content=\"summary_large_image\" \/>\n<meta name=\"twitter:label1\" content=\"Est. reading time\" \/>\n\t<meta name=\"twitter:data1\" content=\"8 minutes\" \/>\n<script type=\"application\/ld+json\" class=\"yoast-schema-graph\">{\"@context\":\"https:\/\/schema.org\",\"@graph\":[{\"@type\":\"WebPage\",\"@id\":\"https:\/\/iteraprocess.com\/es_la\/aviso-de-privacidad-espana\/\",\"url\":\"https:\/\/iteraprocess.com\/es_la\/aviso-de-privacidad-espana\/\",\"name\":\"Aviso de Privacidad Espa\u00f1a - Itera Process\",\"isPartOf\":{\"@id\":\"https:\/\/iteraprocess.com\/#website\"},\"datePublished\":\"2025-01-12T01:53:58+00:00\",\"dateModified\":\"2025-12-04T00:04:23+00:00\",\"breadcrumb\":{\"@id\":\"https:\/\/iteraprocess.com\/es_la\/aviso-de-privacidad-espana\/#breadcrumb\"},\"inLanguage\":\"es-LA\",\"potentialAction\":[{\"@type\":\"ReadAction\",\"target\":[\"https:\/\/iteraprocess.com\/es_la\/aviso-de-privacidad-espana\/\"]}]},{\"@type\":\"BreadcrumbList\",\"@id\":\"https:\/\/iteraprocess.com\/es_la\/aviso-de-privacidad-espana\/#breadcrumb\",\"itemListElement\":[{\"@type\":\"ListItem\",\"position\":1,\"name\":\"Portada\",\"item\":\"https:\/\/iteraprocess.com\/\"},{\"@type\":\"ListItem\",\"position\":2,\"name\":\"Aviso de Privacidad Espa\u00f1a\"}]},{\"@type\":\"WebSite\",\"@id\":\"https:\/\/iteraprocess.com\/#website\",\"url\":\"https:\/\/iteraprocess.com\/\",\"name\":\"Itera Process\",\"description\":\"\",\"publisher\":{\"@id\":\"https:\/\/iteraprocess.com\/#organization\"},\"potentialAction\":[{\"@type\":\"SearchAction\",\"target\":{\"@type\":\"EntryPoint\",\"urlTemplate\":\"https:\/\/iteraprocess.com\/?s={search_term_string}\"},\"query-input\":{\"@type\":\"PropertyValueSpecification\",\"valueRequired\":true,\"valueName\":\"search_term_string\"}}],\"inLanguage\":\"es-LA\"},{\"@type\":\"Organization\",\"@id\":\"https:\/\/iteraprocess.com\/#organization\",\"name\":\"Itera Process\",\"alternateName\":\"IT ERA\",\"url\":\"https:\/\/iteraprocess.com\/\",\"logo\":{\"@type\":\"ImageObject\",\"inLanguage\":\"es-LA\",\"@id\":\"https:\/\/iteraprocess.com\/#\/schema\/logo\/image\/\",\"url\":\"https:\/\/iteraprocess.com\/wp-content\/uploads\/2026\/03\/2.png\",\"contentUrl\":\"https:\/\/iteraprocess.com\/wp-content\/uploads\/2026\/03\/2.png\",\"width\":1200,\"height\":1200,\"caption\":\"Itera Process\"},\"image\":{\"@id\":\"https:\/\/iteraprocess.com\/#\/schema\/logo\/image\/\"},\"sameAs\":[\"https:\/\/www.facebook.com\/IteraBusinessProcess\",\"https:\/\/www.linkedin.com\/company\/itera-process\"],\"description\":\"Somos especialistas en proyectos complejos de Cloud, Workflow Automation, AI y Data. Aceleramos la transformaci\u00f3n digital de las empresas con un enfoque estrat\u00e9gico, \u00e1gil y centrado en resultados.\",\"email\":\"info.mx.df@iteraprocess.com\",\"telephone\":\"52553300 0650\",\"legalName\":\"IT ERA SA de CV\",\"foundingDate\":\"2001-01-30\",\"vatID\":\"ESB85261071\",\"numberOfEmployees\":{\"@type\":\"QuantitativeValue\",\"minValue\":\"201\",\"maxValue\":\"500\"}}]}<\/script>\n<!-- \/ Yoast SEO Premium plugin. -->","yoast_head_json":{"title":"Aviso de Privacidad Espa\u00f1a - Itera Process","robots":{"index":"index","follow":"follow","max-snippet":"max-snippet:-1","max-image-preview":"max-image-preview:large","max-video-preview":"max-video-preview:-1"},"canonical":"https:\/\/iteraprocess.com\/es_la\/aviso-de-privacidad-espana\/","og_locale":"es_LA","og_type":"article","og_title":"Aviso de Privacidad Espa\u00f1a","og_description":"Aviso de Privacidad Espa\u00f1a Home Aviso de Privacidad Espa\u00f1a ITERA PROCESS CONSULTING S.L. Con domicilio en Parque Tecnol\u00f3gico de Madrid. Calle Santiago Grisol\u00eda N\u00ba2 \/\/ C.P. 28760 Tres Cantos Madrid, Espa\u00f1a y con tel\u00e9fono: (+34) (91) 803 5954, en cumplimiento de...","og_url":"https:\/\/iteraprocess.com\/es_la\/aviso-de-privacidad-espana\/","og_site_name":"Itera Process","article_publisher":"https:\/\/www.facebook.com\/IteraBusinessProcess","article_modified_time":"2025-12-04T00:04:23+00:00","twitter_card":"summary_large_image","twitter_misc":{"Est. reading time":"8 minutes"},"schema":{"@context":"https:\/\/schema.org","@graph":[{"@type":"WebPage","@id":"https:\/\/iteraprocess.com\/es_la\/aviso-de-privacidad-espana\/","url":"https:\/\/iteraprocess.com\/es_la\/aviso-de-privacidad-espana\/","name":"Aviso de Privacidad Espa\u00f1a - Itera Process","isPartOf":{"@id":"https:\/\/iteraprocess.com\/#website"},"datePublished":"2025-01-12T01:53:58+00:00","dateModified":"2025-12-04T00:04:23+00:00","breadcrumb":{"@id":"https:\/\/iteraprocess.com\/es_la\/aviso-de-privacidad-espana\/#breadcrumb"},"inLanguage":"es-LA","potentialAction":[{"@type":"ReadAction","target":["https:\/\/iteraprocess.com\/es_la\/aviso-de-privacidad-espana\/"]}]},{"@type":"BreadcrumbList","@id":"https:\/\/iteraprocess.com\/es_la\/aviso-de-privacidad-espana\/#breadcrumb","itemListElement":[{"@type":"ListItem","position":1,"name":"Portada","item":"https:\/\/iteraprocess.com\/"},{"@type":"ListItem","position":2,"name":"Aviso de Privacidad Espa\u00f1a"}]},{"@type":"WebSite","@id":"https:\/\/iteraprocess.com\/#website","url":"https:\/\/iteraprocess.com\/","name":"Itera Process","description":"","publisher":{"@id":"https:\/\/iteraprocess.com\/#organization"},"potentialAction":[{"@type":"SearchAction","target":{"@type":"EntryPoint","urlTemplate":"https:\/\/iteraprocess.com\/?s={search_term_string}"},"query-input":{"@type":"PropertyValueSpecification","valueRequired":true,"valueName":"search_term_string"}}],"inLanguage":"es-LA"},{"@type":"Organization","@id":"https:\/\/iteraprocess.com\/#organization","name":"Itera Process","alternateName":"IT ERA","url":"https:\/\/iteraprocess.com\/","logo":{"@type":"ImageObject","inLanguage":"es-LA","@id":"https:\/\/iteraprocess.com\/#\/schema\/logo\/image\/","url":"https:\/\/iteraprocess.com\/wp-content\/uploads\/2026\/03\/2.png","contentUrl":"https:\/\/iteraprocess.com\/wp-content\/uploads\/2026\/03\/2.png","width":1200,"height":1200,"caption":"Itera Process"},"image":{"@id":"https:\/\/iteraprocess.com\/#\/schema\/logo\/image\/"},"sameAs":["https:\/\/www.facebook.com\/IteraBusinessProcess","https:\/\/www.linkedin.com\/company\/itera-process"],"description":"Somos especialistas en proyectos complejos de Cloud, Workflow Automation, AI y Data. Aceleramos la transformaci\u00f3n digital de las empresas con un enfoque estrat\u00e9gico, \u00e1gil y centrado en resultados.","email":"info.mx.df@iteraprocess.com","telephone":"52553300 0650","legalName":"IT ERA SA de CV","foundingDate":"2001-01-30","vatID":"ESB85261071","numberOfEmployees":{"@type":"QuantitativeValue","minValue":"201","maxValue":"500"}}]}},"_links":{"self":[{"href":"https:\/\/iteraprocess.com\/es_la\/wp-json\/wp\/v2\/pages\/23030","targetHints":{"allow":["GET"]}}],"collection":[{"href":"https:\/\/iteraprocess.com\/es_la\/wp-json\/wp\/v2\/pages"}],"about":[{"href":"https:\/\/iteraprocess.com\/es_la\/wp-json\/wp\/v2\/types\/page"}],"author":[{"embeddable":true,"href":"https:\/\/iteraprocess.com\/es_la\/wp-json\/wp\/v2\/users\/1"}],"replies":[{"embeddable":true,"href":"https:\/\/iteraprocess.com\/es_la\/wp-json\/wp\/v2\/comments?post=23030"}],"version-history":[{"count":0,"href":"https:\/\/iteraprocess.com\/es_la\/wp-json\/wp\/v2\/pages\/23030\/revisions"}],"wp:attachment":[{"href":"https:\/\/iteraprocess.com\/es_la\/wp-json\/wp\/v2\/media?parent=23030"}],"wp:term":[{"taxonomy":"category","embeddable":true,"href":"https:\/\/iteraprocess.com\/es_la\/wp-json\/wp\/v2\/categories?post=23030"},{"taxonomy":"post_tag","embeddable":true,"href":"https:\/\/iteraprocess.com\/es_la\/wp-json\/wp\/v2\/tags?post=23030"}],"curies":[{"name":"wp","href":"https:\/\/api.w.org\/{rel}","templated":true}]}}