{"id":28576,"date":"2025-09-18T19:22:18","date_gmt":"2025-09-19T00:22:18","guid":{"rendered":"https:\/\/iteraprocess.com\/preguntas-frecuentes-sobre-automatizacion-agil-y-atlassian-itera-process\/"},"modified":"2025-09-30T15:11:59","modified_gmt":"2025-09-30T20:11:59","slug":"preguntas-frecuentes-sobre-automatizacion-agil-y-atlassian-itera-process","status":"publish","type":"page","link":"https:\/\/iteraprocess.com\/es_la\/preguntas-frecuentes-sobre-automatizacion-agil-y-atlassian-itera-process\/","title":{"rendered":"Preguntas Frecuentes sobre Automatizaci\u00f3n \u00c1gil y Atlassian | Itera Process"},"content":{"rendered":"\t\t<div data-elementor-type=\"wp-page\" data-elementor-id=\"28576\" class=\"elementor elementor-28576 elementor-28252\" data-elementor-post-type=\"page\">\n\t\t\t\t<div class=\"elementor-element elementor-element-2ed55b1 e-con-full e-flex e-con e-parent\" data-id=\"2ed55b1\" data-element_type=\"container\">\n\t\t<div class=\"elementor-element elementor-element-a26edd3 e-con-full e-flex e-con e-child\" data-id=\"a26edd3\" data-element_type=\"container\" data-settings=\"{&quot;background_background&quot;:&quot;classic&quot;}\">\n\t\t\t\t<div class=\"elementor-element elementor-element-cb4026f elementor-widget elementor-widget-text-editor\" data-id=\"cb4026f\" data-element_type=\"widget\" data-widget_type=\"text-editor.default\">\n\t\t\t\t<div class=\"elementor-widget-container\">\n\t\t\t\t\t\t\t\t\t<h1 class=\"header_title\"><span class=\"title_a\">FAQs<\/span><span class=\"title_b\">AGILE<\/span><\/h1>\n\t\t\t\t\t\t\t\t<\/div>\n\t\t\t\t<\/div>\n\t\t<div class=\"elementor-element elementor-element-a848eb8 e-con-full custom-breadcrumbs-content e-flex e-con e-child\" data-id=\"a848eb8\" data-element_type=\"container\" data-settings=\"{&quot;background_background&quot;:&quot;classic&quot;,&quot;position&quot;:&quot;absolute&quot;}\">\n\t\t\t\t<div class=\"elementor-element elementor-element-801d35c elementor-widget__width-auto custom-breadcrumbs elementor-widget elementor-widget-text-editor\" data-id=\"801d35c\" data-element_type=\"widget\" data-widget_type=\"text-editor.default\">\n\t\t\t\t<div class=\"elementor-widget-container\">\n\t\t\t\t\t\t\t\t\t<ul>\n<li><a href=\"\/\">Home<\/a><\/li>\n<li>FAQs AGILE<\/li>\n<\/ul>\n\t\t\t\t\t\t\t\t<\/div>\n\t\t\t\t<\/div>\n\t\t\t\t<\/div>\n\t\t\t\t<\/div>\n\t\t\t\t<\/div>\n\t\t<div class=\"elementor-element elementor-element-35c4b27 e-flex e-con-boxed e-con e-parent\" data-id=\"35c4b27\" data-element_type=\"container\">\n\t\t\t\t\t<div class=\"e-con-inner\">\n\t\t\t\t<div class=\"elementor-element elementor-element-e2aaa92 elementor-widget__width-inherit elementor-widget elementor-widget-heading\" data-id=\"e2aaa92\" data-element_type=\"widget\" data-widget_type=\"heading.default\">\n\t\t\t\t<div class=\"elementor-widget-container\">\n\t\t\t\t\t<h1 class=\"elementor-heading-title elementor-size-default\">Preguntas Frecuentes sobre Automatizaci\u00f3n \u00c1gil <\/h1>\t\t\t\t<\/div>\n\t\t\t\t<\/div>\n\t\t\t\t<div class=\"elementor-element elementor-element-1125457 elementor-widget__width-inherit elementor-widget elementor-widget-heading\" data-id=\"1125457\" data-element_type=\"widget\" data-widget_type=\"heading.default\">\n\t\t\t\t<div class=\"elementor-widget-container\">\n\t\t\t\t\t<h2 class=\"elementor-heading-title elementor-size-default\">1. \u00bfC\u00f3mo saber si mi empresa necesita automatizar flujos de trabajo?<\/h2>\t\t\t\t<\/div>\n\t\t\t\t<\/div>\n\t\t\t\t<div class=\"elementor-element elementor-element-fff2d5f elementor-widget__width-initial elementor-widget elementor-widget-text-editor\" data-id=\"fff2d5f\" data-element_type=\"widget\" data-widget_type=\"text-editor.default\">\n\t\t\t\t<div class=\"elementor-widget-container\">\n\t\t\t\t\t\t\t\t\t<p><span style=\"font-weight: 400;\">Cuando los equipos pierden tiempo en tareas manuales, los procesos se vuelven poco trazables o aparecen cuellos de botella en la colaboraci\u00f3n, es una se\u00f1al clara de que la automatizaci\u00f3n es necesaria. Itera Process, como  <\/span><b>Atlassian Platinum Partner<\/b><span style=\"font-weight: 400;\">, acompa\u00f1a a las organizaciones a identificar esos puntos cr\u00edticos y a dise\u00f1ar flujos inteligentes que eliminan fricciones y mejoran la productividad.<\/span><\/p>\n\t\t\t\t\t\t\t\t<\/div>\n\t\t\t\t<\/div>\n\t\t\t\t<div class=\"elementor-element elementor-element-7914d1a elementor-widget__width-inherit elementor-widget elementor-widget-heading\" data-id=\"7914d1a\" data-element_type=\"widget\" data-widget_type=\"heading.default\">\n\t\t\t\t<div class=\"elementor-widget-container\">\n\t\t\t\t\t<h2 class=\"elementor-heading-title elementor-size-default\">2. \u00bfQu\u00e9 beneficios reales tiene usar Atlassian para automatizar flujos de trabajo?<\/h2>\t\t\t\t<\/div>\n\t\t\t\t<\/div>\n\t\t\t\t<div class=\"elementor-element elementor-element-7de611b elementor-widget__width-initial elementor-widget elementor-widget-text-editor\" data-id=\"7de611b\" data-element_type=\"widget\" data-widget_type=\"text-editor.default\">\n\t\t\t\t<div class=\"elementor-widget-container\">\n\t\t\t\t\t\t\t\t\t<p><span style=\"font-weight: 400;\">Las herramientas de <\/span><a href=\"https:\/\/iteraprocess.com\/es_la\/atlassian\/\"><span style=\"font-weight: 400;\">Atlassian <\/span><\/a> <span style=\"font-weight: 400;\">permiten a las empresas trabajar con mayor colaboraci\u00f3n, tener visibilidad total de sus procesos y reducir errores en la operaci\u00f3n diaria. Al implementarlas con Itera Process, cada automatizaci\u00f3n se adapta a los objetivos del negocio y se refuerza con un soporte continuo que asegura la adopci\u00f3n y los resultados esperados. <\/span><\/p>\n\t\t\t\t\t\t\t\t<\/div>\n\t\t\t\t<\/div>\n\t\t\t\t<div class=\"elementor-element elementor-element-36ee57a elementor-widget__width-inherit elementor-widget elementor-widget-heading\" data-id=\"36ee57a\" data-element_type=\"widget\" data-widget_type=\"heading.default\">\n\t\t\t\t<div class=\"elementor-widget-container\">\n\t\t\t\t\t<h2 class=\"elementor-heading-title elementor-size-default\">3. \u00bfC\u00f3mo medir el \u00e9xito de un proyecto de automatizaci\u00f3n de flujos de trabajo?<\/h2>\t\t\t\t<\/div>\n\t\t\t\t<\/div>\n\t\t\t\t<div class=\"elementor-element elementor-element-857e205 elementor-widget__width-initial elementor-widget elementor-widget-text-editor\" data-id=\"857e205\" data-element_type=\"widget\" data-widget_type=\"text-editor.default\">\n\t\t\t\t<div class=\"elementor-widget-container\">\n\t\t\t\t\t\t\t\t\t<p><span style=\"font-weight: 400;\">El \u00e9xito se refleja en m\u00e9tricas concretas: reducci\u00f3n en tiempos de ciclo, mayor adopci\u00f3n por parte de los usuarios y un retorno de inversi\u00f3n positivo en poco tiempo. En Itera Process acompa\u00f1amos a las organizaciones en la definici\u00f3n y seguimiento de estos indicadores, garantizando que la automatizaci\u00f3n no sea solo un cambio tecnol\u00f3gico, sino una mejora sostenible en la operaci\u00f3n. <\/span><\/p>\n\t\t\t\t\t\t\t\t<\/div>\n\t\t\t\t<\/div>\n\t\t\t\t<div class=\"elementor-element elementor-element-3eae42c elementor-widget__width-inherit elementor-widget elementor-widget-heading\" data-id=\"3eae42c\" data-element_type=\"widget\" data-widget_type=\"heading.default\">\n\t\t\t\t<div class=\"elementor-widget-container\">\n\t\t\t\t\t<h2 class=\"elementor-heading-title elementor-size-default\">4. \u00bfQu\u00e9 relaci\u00f3n tienen los marcos \u00e1giles con la automatizaci\u00f3n?<\/h2>\t\t\t\t<\/div>\n\t\t\t\t<\/div>\n\t\t\t\t<div class=\"elementor-element elementor-element-9d6e6f5 elementor-widget__width-initial elementor-widget elementor-widget-text-editor\" data-id=\"9d6e6f5\" data-element_type=\"widget\" data-widget_type=\"text-editor.default\">\n\t\t\t\t<div class=\"elementor-widget-container\">\n\t\t\t\t\t\t\t\t\t<p><span style=\"font-weight: 400;\">Los marcos \u00e1giles promueven la colaboraci\u00f3n iterativa y el enfoque en generar valor. La automatizaci\u00f3n potencia estos principios al eliminar tareas repetitivas y dar trazabilidad a los procesos. Itera Process, con su origen en la cultura \u00e1gil, integra la automatizaci\u00f3n no solo como un cambio tecnol\u00f3gico, sino como un habilitador cultural y metodol\u00f3gico que refuerza la agilidad organizacional.  <\/span><\/p>\n\t\t\t\t\t\t\t\t<\/div>\n\t\t\t\t<\/div>\n\t\t\t\t<div class=\"elementor-element elementor-element-75a4e39 elementor-widget__width-inherit elementor-widget elementor-widget-heading\" data-id=\"75a4e39\" data-element_type=\"widget\" data-widget_type=\"heading.default\">\n\t\t\t\t<div class=\"elementor-widget-container\">\n\t\t\t\t\t<h2 class=\"elementor-heading-title elementor-size-default\">5. \u00bfC\u00f3mo garantizar que mi equipo adopte las herramientas de automatizaci\u00f3n sin resistencia? <\/h2>\t\t\t\t<\/div>\n\t\t\t\t<\/div>\n\t\t\t\t<div class=\"elementor-element elementor-element-0e02feb elementor-widget__width-initial elementor-widget elementor-widget-text-editor\" data-id=\"0e02feb\" data-element_type=\"widget\" data-widget_type=\"text-editor.default\">\n\t\t\t\t<div class=\"elementor-widget-container\">\n\t\t\t\t\t\t\t\t\t<p><span style=\"font-weight: 400;\">La clave est\u00e1 en la capacitaci\u00f3n pr\u00e1ctica, la comunicaci\u00f3n clara de beneficios y la integraci\u00f3n de la automatizaci\u00f3n en el d\u00eda a d\u00eda de los usuarios. Itera Process acompa\u00f1a esta transici\u00f3n con entrenamiento y soporte cercano, asegurando que la adopci\u00f3n sea natural y sostenible. <\/span><\/p>\n\t\t\t\t\t\t\t\t<\/div>\n\t\t\t\t<\/div>\n\t\t\t\t<div class=\"elementor-element elementor-element-4b97f7c elementor-widget__width-inherit elementor-widget elementor-widget-heading\" data-id=\"4b97f7c\" data-element_type=\"widget\" data-widget_type=\"heading.default\">\n\t\t\t\t<div class=\"elementor-widget-container\">\n\t\t\t\t\t<h2 class=\"elementor-heading-title elementor-size-default\">Consulta otras preguntas frecuentes sobre:\n<\/h2>\t\t\t\t<\/div>\n\t\t\t\t<\/div>\n\t\t\t\t<div class=\"elementor-element elementor-element-0b255d6 elementor-widget__width-inherit elementor-widget elementor-widget-heading\" data-id=\"0b255d6\" data-element_type=\"widget\" data-widget_type=\"heading.default\">\n\t\t\t\t<div class=\"elementor-widget-container\">\n\t\t\t\t\t<h3 class=\"elementor-heading-title elementor-size-default\"><a href=\"https:\/\/iteraprocess.com\/es_la\/faqs-itera\/\">- ITERA<\/a><\/h3>\t\t\t\t<\/div>\n\t\t\t\t<\/div>\n\t\t\t\t<div class=\"elementor-element elementor-element-bd86bfc elementor-widget__width-inherit elementor-widget elementor-widget-heading\" data-id=\"bd86bfc\" data-element_type=\"widget\" data-widget_type=\"heading.default\">\n\t\t\t\t<div class=\"elementor-widget-container\">\n\t\t\t\t\t<h3 class=\"elementor-heading-title elementor-size-default\"><a href=\"https:\/\/iteraprocess.com\/es_la\/preguntas-frecuentes-sobre-capacitacion-tecnologica-empresarial-itera-process\/\">- IT TRAINING<\/a><\/h3>\t\t\t\t<\/div>\n\t\t\t\t<\/div>\n\t\t\t\t<div class=\"elementor-element elementor-element-ad38230 elementor-widget__width-inherit elementor-widget elementor-widget-heading\" data-id=\"ad38230\" data-element_type=\"widget\" data-widget_type=\"heading.default\">\n\t\t\t\t<div class=\"elementor-widget-container\">\n\t\t\t\t\t<h3 class=\"elementor-heading-title elementor-size-default\"><a href=\"https:\/\/iteraprocess.com\/es_la\/preguntas-frecuentes-sobre-estrategia-de-datos-y-gobierno-en-la-nube-itera-process\/\">- DATA<\/a><\/h3>\t\t\t\t<\/div>\n\t\t\t\t<\/div>\n\t\t\t\t<div class=\"elementor-element elementor-element-6335224 elementor-widget__width-inherit elementor-widget elementor-widget-heading\" data-id=\"6335224\" data-element_type=\"widget\" data-widget_type=\"heading.default\">\n\t\t\t\t<div class=\"elementor-widget-container\">\n\t\t\t\t\t<h3 class=\"elementor-heading-title elementor-size-default\"><a href=\"https:\/\/iteraprocess.com\/es_la\/faqs-gen-ai\/\">- GEN AI<\/a><\/h3>\t\t\t\t<\/div>\n\t\t\t\t<\/div>\n\t\t\t\t\t<\/div>\n\t\t\t\t<\/div>\n\t\t\t\t<\/div>\n\t\t","protected":false},"excerpt":{"rendered":"<p>Descubre cu\u00e1ndo y c\u00f3mo automatizar tus flujos de trabajo con Atlassian. Resolvemos las dudas m\u00e1s comunes para implementar marcos \u00e1giles con \u00e9xito. <\/p>\n","protected":false},"author":4,"featured_media":0,"parent":0,"menu_order":0,"comment_status":"closed","ping_status":"closed","template":"elementor_header_footer","meta":{"inline_featured_image":false,"_joinchat":[],"footnotes":""},"categories":[],"tags":[],"class_list":["post-28576","page","type-page","status-publish","hentry"],"yoast_head":"<!-- This site is optimized with the Yoast SEO Premium plugin v27.2 (Yoast SEO v27.2) - https:\/\/yoast.com\/product\/yoast-seo-premium-wordpress\/ -->\n<title>Preguntas Frecuentes sobre Automatizaci\u00f3n \u00c1gil y Atlassian | Itera Process - Itera Process<\/title>\n<meta name=\"description\" content=\"Descubre cu\u00e1ndo y c\u00f3mo automatizar tus flujos de trabajo con Atlassian. Resolvemos las dudas m\u00e1s comunes para implementar marcos \u00e1giles con \u00e9xito.\" \/>\n<meta name=\"robots\" content=\"index, follow, max-snippet:-1, max-image-preview:large, max-video-preview:-1\" \/>\n<link rel=\"canonical\" href=\"https:\/\/iteraprocess.com\/preguntas-frecuentes-automatizacion-agile\/\" \/>\n<meta property=\"og:locale\" content=\"es_LA\" \/>\n<meta property=\"og:type\" content=\"article\" \/>\n<meta property=\"og:title\" content=\"Preguntas Frecuentes sobre Automatizaci\u00f3n \u00c1gil y Atlassian | Itera Process\" \/>\n<meta property=\"og:description\" content=\"Descubre cu\u00e1ndo y c\u00f3mo automatizar tus flujos de trabajo con Atlassian. Resolvemos las dudas m\u00e1s comunes para implementar marcos \u00e1giles con \u00e9xito.\" \/>\n<meta property=\"og:url\" content=\"https:\/\/iteraprocess.com\/preguntas-frecuentes-automatizacion-agile\/\" \/>\n<meta property=\"og:site_name\" content=\"Itera Process\" \/>\n<meta property=\"article:publisher\" content=\"https:\/\/www.facebook.com\/IteraBusinessProcess\" \/>\n<meta property=\"article:modified_time\" content=\"2025-09-30T20:11:59+00:00\" \/>\n<meta name=\"twitter:card\" content=\"summary_large_image\" \/>\n<meta name=\"twitter:label1\" content=\"Est. reading time\" \/>\n\t<meta name=\"twitter:data1\" content=\"2 minutes\" \/>\n<script type=\"application\/ld+json\" class=\"yoast-schema-graph\">{\"@context\":\"https:\/\/schema.org\",\"@graph\":[{\"@type\":\"WebPage\",\"@id\":\"https:\/\/iteraprocess.com\/preguntas-frecuentes-automatizacion-agile\/\",\"url\":\"https:\/\/iteraprocess.com\/preguntas-frecuentes-automatizacion-agile\/\",\"name\":\"Preguntas Frecuentes sobre Automatizaci\u00f3n \u00c1gil y Atlassian | Itera Process - Itera Process\",\"isPartOf\":{\"@id\":\"https:\/\/iteraprocess.com\/#website\"},\"datePublished\":\"2025-09-19T00:22:18+00:00\",\"dateModified\":\"2025-09-30T20:11:59+00:00\",\"description\":\"Descubre cu\u00e1ndo y c\u00f3mo automatizar tus flujos de trabajo con Atlassian. Resolvemos las dudas m\u00e1s comunes para implementar marcos \u00e1giles con \u00e9xito.\",\"breadcrumb\":{\"@id\":\"https:\/\/iteraprocess.com\/preguntas-frecuentes-automatizacion-agile\/#breadcrumb\"},\"inLanguage\":\"es-LA\",\"potentialAction\":[{\"@type\":\"ReadAction\",\"target\":[\"https:\/\/iteraprocess.com\/preguntas-frecuentes-automatizacion-agile\/\"]}]},{\"@type\":\"BreadcrumbList\",\"@id\":\"https:\/\/iteraprocess.com\/preguntas-frecuentes-automatizacion-agile\/#breadcrumb\",\"itemListElement\":[{\"@type\":\"ListItem\",\"position\":1,\"name\":\"Portada\",\"item\":\"https:\/\/iteraprocess.com\/\"},{\"@type\":\"ListItem\",\"position\":2,\"name\":\"Preguntas Frecuentes sobre Automatizaci\u00f3n \u00c1gil y Atlassian | Itera Process\"}]},{\"@type\":\"WebSite\",\"@id\":\"https:\/\/iteraprocess.com\/#website\",\"url\":\"https:\/\/iteraprocess.com\/\",\"name\":\"Itera Process\",\"description\":\"\",\"publisher\":{\"@id\":\"https:\/\/iteraprocess.com\/#organization\"},\"potentialAction\":[{\"@type\":\"SearchAction\",\"target\":{\"@type\":\"EntryPoint\",\"urlTemplate\":\"https:\/\/iteraprocess.com\/?s={search_term_string}\"},\"query-input\":{\"@type\":\"PropertyValueSpecification\",\"valueRequired\":true,\"valueName\":\"search_term_string\"}}],\"inLanguage\":\"es-LA\"},{\"@type\":\"Organization\",\"@id\":\"https:\/\/iteraprocess.com\/#organization\",\"name\":\"Itera Process\",\"alternateName\":\"IT ERA\",\"url\":\"https:\/\/iteraprocess.com\/\",\"logo\":{\"@type\":\"ImageObject\",\"inLanguage\":\"es-LA\",\"@id\":\"https:\/\/iteraprocess.com\/#\/schema\/logo\/image\/\",\"url\":\"https:\/\/iteraprocess.com\/wp-content\/uploads\/2026\/03\/2.png\",\"contentUrl\":\"https:\/\/iteraprocess.com\/wp-content\/uploads\/2026\/03\/2.png\",\"width\":1200,\"height\":1200,\"caption\":\"Itera Process\"},\"image\":{\"@id\":\"https:\/\/iteraprocess.com\/#\/schema\/logo\/image\/\"},\"sameAs\":[\"https:\/\/www.facebook.com\/IteraBusinessProcess\",\"https:\/\/www.linkedin.com\/company\/itera-process\"],\"description\":\"Somos especialistas en proyectos complejos de Cloud, Workflow Automation, AI y Data. Aceleramos la transformaci\u00f3n digital de las empresas con un enfoque estrat\u00e9gico, \u00e1gil y centrado en resultados.\",\"email\":\"info.mx.df@iteraprocess.com\",\"telephone\":\"52553300 0650\",\"legalName\":\"IT ERA SA de CV\",\"foundingDate\":\"2001-01-30\",\"vatID\":\"ESB85261071\",\"numberOfEmployees\":{\"@type\":\"QuantitativeValue\",\"minValue\":\"201\",\"maxValue\":\"500\"}}]}<\/script>\n<!-- \/ Yoast SEO Premium plugin. -->","yoast_head_json":{"title":"Preguntas Frecuentes sobre Automatizaci\u00f3n \u00c1gil y Atlassian | Itera Process - Itera Process","description":"Descubre cu\u00e1ndo y c\u00f3mo automatizar tus flujos de trabajo con Atlassian. Resolvemos las dudas m\u00e1s comunes para implementar marcos \u00e1giles con \u00e9xito.","robots":{"index":"index","follow":"follow","max-snippet":"max-snippet:-1","max-image-preview":"max-image-preview:large","max-video-preview":"max-video-preview:-1"},"canonical":"https:\/\/iteraprocess.com\/preguntas-frecuentes-automatizacion-agile\/","og_locale":"es_LA","og_type":"article","og_title":"Preguntas Frecuentes sobre Automatizaci\u00f3n \u00c1gil y Atlassian | Itera Process","og_description":"Descubre cu\u00e1ndo y c\u00f3mo automatizar tus flujos de trabajo con Atlassian. Resolvemos las dudas m\u00e1s comunes para implementar marcos \u00e1giles con \u00e9xito.","og_url":"https:\/\/iteraprocess.com\/preguntas-frecuentes-automatizacion-agile\/","og_site_name":"Itera Process","article_publisher":"https:\/\/www.facebook.com\/IteraBusinessProcess","article_modified_time":"2025-09-30T20:11:59+00:00","twitter_card":"summary_large_image","twitter_misc":{"Est. reading time":"2 minutes"},"schema":{"@context":"https:\/\/schema.org","@graph":[{"@type":"WebPage","@id":"https:\/\/iteraprocess.com\/preguntas-frecuentes-automatizacion-agile\/","url":"https:\/\/iteraprocess.com\/preguntas-frecuentes-automatizacion-agile\/","name":"Preguntas Frecuentes sobre Automatizaci\u00f3n \u00c1gil y Atlassian | Itera Process - Itera Process","isPartOf":{"@id":"https:\/\/iteraprocess.com\/#website"},"datePublished":"2025-09-19T00:22:18+00:00","dateModified":"2025-09-30T20:11:59+00:00","description":"Descubre cu\u00e1ndo y c\u00f3mo automatizar tus flujos de trabajo con Atlassian. Resolvemos las dudas m\u00e1s comunes para implementar marcos \u00e1giles con \u00e9xito.","breadcrumb":{"@id":"https:\/\/iteraprocess.com\/preguntas-frecuentes-automatizacion-agile\/#breadcrumb"},"inLanguage":"es-LA","potentialAction":[{"@type":"ReadAction","target":["https:\/\/iteraprocess.com\/preguntas-frecuentes-automatizacion-agile\/"]}]},{"@type":"BreadcrumbList","@id":"https:\/\/iteraprocess.com\/preguntas-frecuentes-automatizacion-agile\/#breadcrumb","itemListElement":[{"@type":"ListItem","position":1,"name":"Portada","item":"https:\/\/iteraprocess.com\/"},{"@type":"ListItem","position":2,"name":"Preguntas Frecuentes sobre Automatizaci\u00f3n \u00c1gil y Atlassian | Itera Process"}]},{"@type":"WebSite","@id":"https:\/\/iteraprocess.com\/#website","url":"https:\/\/iteraprocess.com\/","name":"Itera Process","description":"","publisher":{"@id":"https:\/\/iteraprocess.com\/#organization"},"potentialAction":[{"@type":"SearchAction","target":{"@type":"EntryPoint","urlTemplate":"https:\/\/iteraprocess.com\/?s={search_term_string}"},"query-input":{"@type":"PropertyValueSpecification","valueRequired":true,"valueName":"search_term_string"}}],"inLanguage":"es-LA"},{"@type":"Organization","@id":"https:\/\/iteraprocess.com\/#organization","name":"Itera Process","alternateName":"IT ERA","url":"https:\/\/iteraprocess.com\/","logo":{"@type":"ImageObject","inLanguage":"es-LA","@id":"https:\/\/iteraprocess.com\/#\/schema\/logo\/image\/","url":"https:\/\/iteraprocess.com\/wp-content\/uploads\/2026\/03\/2.png","contentUrl":"https:\/\/iteraprocess.com\/wp-content\/uploads\/2026\/03\/2.png","width":1200,"height":1200,"caption":"Itera Process"},"image":{"@id":"https:\/\/iteraprocess.com\/#\/schema\/logo\/image\/"},"sameAs":["https:\/\/www.facebook.com\/IteraBusinessProcess","https:\/\/www.linkedin.com\/company\/itera-process"],"description":"Somos especialistas en proyectos complejos de Cloud, Workflow Automation, AI y Data. Aceleramos la transformaci\u00f3n digital de las empresas con un enfoque estrat\u00e9gico, \u00e1gil y centrado en resultados.","email":"info.mx.df@iteraprocess.com","telephone":"52553300 0650","legalName":"IT ERA SA de CV","foundingDate":"2001-01-30","vatID":"ESB85261071","numberOfEmployees":{"@type":"QuantitativeValue","minValue":"201","maxValue":"500"}}]}},"_links":{"self":[{"href":"https:\/\/iteraprocess.com\/es_la\/wp-json\/wp\/v2\/pages\/28576","targetHints":{"allow":["GET"]}}],"collection":[{"href":"https:\/\/iteraprocess.com\/es_la\/wp-json\/wp\/v2\/pages"}],"about":[{"href":"https:\/\/iteraprocess.com\/es_la\/wp-json\/wp\/v2\/types\/page"}],"author":[{"embeddable":true,"href":"https:\/\/iteraprocess.com\/es_la\/wp-json\/wp\/v2\/users\/4"}],"replies":[{"embeddable":true,"href":"https:\/\/iteraprocess.com\/es_la\/wp-json\/wp\/v2\/comments?post=28576"}],"version-history":[{"count":0,"href":"https:\/\/iteraprocess.com\/es_la\/wp-json\/wp\/v2\/pages\/28576\/revisions"}],"wp:attachment":[{"href":"https:\/\/iteraprocess.com\/es_la\/wp-json\/wp\/v2\/media?parent=28576"}],"wp:term":[{"taxonomy":"category","embeddable":true,"href":"https:\/\/iteraprocess.com\/es_la\/wp-json\/wp\/v2\/categories?post=28576"},{"taxonomy":"post_tag","embeddable":true,"href":"https:\/\/iteraprocess.com\/es_la\/wp-json\/wp\/v2\/tags?post=28576"}],"curies":[{"name":"wp","href":"https:\/\/api.w.org\/{rel}","templated":true}]}}